{"id":8,"date":"2016-09-27T14:03:49","date_gmt":"2016-09-27T12:03:49","guid":{"rendered":"http:\/\/www.musikerfabrik.de\/songwritercamp\/?page_id=8"},"modified":"2020-07-28T16:49:06","modified_gmt":"2020-07-28T14:49:06","slug":"kontakt","status":"publish","type":"page","link":"https:\/\/www.musikerfabrik.de\/songwritercamp\/kontakt\/","title":{"rendered":"Anmeldung und Kontakt zum SongWriterCamp Hannover"},"content":{"rendered":"<hr \/>\n<h1>So kannst du dich\u00a0anmelden\u00a0zum SongWriterCamp Hannover<\/h1>\n<h3>Wenn du dich f\u00fcr unser aktuelles SongWriterCamp interessierst, f\u00fclle bitte unser Kontaktformular aus, wir senden dir alle Infos per Mail:<\/h3>\n<p style=\"text-align: left;\">\n\t\t\t\t\t\t<script>\n\t\t\t\t\t\t\twindow.hsFormsOnReady = window.hsFormsOnReady || [];\n\t\t\t\t\t\t\twindow.hsFormsOnReady.push(()=>{\n\t\t\t\t\t\t\t\thbspt.forms.create({\n\t\t\t\t\t\t\t\t\tportalId: 5323827,\n\t\t\t\t\t\t\t\t\tformId: \"ab0c0e37-25ed-461f-a5cc-ebac8e874983\",\n\t\t\t\t\t\t\t\t\ttarget: \"#hbspt-form-1778669181000-5919925623\",\n\t\t\t\t\t\t\t\t\tregion: \"\",\n\t\t\t\t\t\t\t\t\t\n\t\t\t\t\t\t\t})});\n\t\t\t\t\t\t<\/script>\n\t\t\t\t\t\t<div class=\"hbspt-form\" id=\"hbspt-form-1778669181000-5919925623\"><\/div><\/p>\n<p>&nbsp;<\/p>\n<h3>Wir geben dir anschlie\u00dfend zeitnah per Email R\u00fcckmeldung, ob es noch einen freien Platz f\u00fcr dich gibt und \u00fcbermitteln dir gleichzeitig einen Anmeldelink f\u00fcr deine Registrierung in unserem Portal.<\/h3>\n<h3>\u00dcber das Portal der Musikerfabrik bekommst du dann alle Infos zu den Zahlungsm\u00f6glichkeiten und Hinweise f\u00fcr deine Zeit vor und auf dem Camp.<\/h3>\n<h3>Du bist erst dann verbindlich angemeldet, wenn wir den Zahlungseingang deines Teilnehmerbeitrags best\u00e4tigt haben.<\/h3>\n<h3>Wir best\u00e4tigen (sp\u00e4testens 3 Wochen vor Beginn) die Durchf\u00fchrung des Camps noch einmal schriftlich sobald die Mindestteilnehmerzahl erreicht ist.<\/h3>\n<p>&nbsp;<\/p>\n<hr \/>\n<h2>Telefonisch erreichst du uns am Besten in der Mittagszeit:<\/h2>\n<h2>+49511-89864976<\/h2>\n<h2 style=\"text-align: left;\"><strong>Postadresse:<\/strong><\/h2>\n<h3 style=\"text-align: left;\"><strong>Musikerfabrik &#8211;\u00a0<\/strong>SongWriterCamp 2020<\/h3>\n<h3 style=\"text-align: left;\">Schadewachten 40,\u00a039576 Stendal,\u00a0Germany<\/h3>\n<h2>Wegbeschreibung \/ Anfahrt zum SongWriterCamp Hannover !Achtung! 2020 findet das Camp an einer abweichenden Adresse statt: Skyline Kirche, Alte Herrenh\u00e4user Stra\u00dfe 42, Hannover<\/h2>\n<p>___________________________________________________________________<\/p>\n<p><iframe style=\"border: 0;\" src=\"https:\/\/www.google.com\/maps\/embed?pb=!1m14!1m8!1m3!1d2434.813237049401!2d9.6861663!3d52.3919359!3m2!1i1024!2i768!4f13.1!3m3!1m2!1s0x47b0730139c1405d%3A0x7c92aa70f8069bbd!2sSkyline%20-%20die%20Kirche%20der%20Stadt!5e0!3m2!1sde!2sde!4v1573475695297!5m2!1sde!2sde\" width=\"600\" height=\"450\" frameborder=\"0\" allowfullscreen=\"allowfullscreen\"><\/iframe><br \/>\nMusikerfabrik findest du bei: <a href=\"https:\/\/www.instagram.com\/musikerfabrik\/\" target=\"_blank\" rel=\"noopener\">Instagram<\/a>\u00a0 \u00a0<a href=\"https:\/\/www.facebook.com\/foerderbandhannover\" target=\"_blank\" rel=\"noopener noreferrer\">Facebook<\/a>\u00a0 \u00a0\u00a0<a href=\"https:\/\/twitter.com\/musikerfabrik\" target=\"_blank\" rel=\"noopener noreferrer\">Twitter<\/a>\u00a0 \u00a0\u00a0<a href=\"https:\/\/www.xing.com\/profile\/Frank_Wedel\" target=\"_blank\" rel=\"noopener noreferrer\">XING<\/a>\u00a0 \u00a0\u00a0<a href=\"https:\/\/de.linkedin.com\/in\/frank-wedel-161b0080\" target=\"_blank\" rel=\"noopener noreferrer\">LinkedIn<\/a>\u00a0 \u00a0<a href=\"https:\/\/www.musikerfabrik.de\/foerderband-hannover\/musikerfabrik-news-gesammelt-fuer-euch-siehe-auch-fachspezifisch\/\">WordPress<\/a><\/p>\n","protected":false},"excerpt":{"rendered":"<p>So kannst du dich\u00a0anmelden\u00a0zum SongWriterCamp Hannover Wenn du dich f\u00fcr unser aktuelles SongWriterCamp interessierst, f\u00fclle bitte unser Kontaktformular aus, wir senden dir alle Infos per Mail: &nbsp; Wir geben dir anschlie\u00dfend zeitnah per Email R\u00fcckmeldung, ob es noch einen freien Platz f\u00fcr dich gibt und \u00fcbermitteln dir gleichzeitig einen Anmeldelink f\u00fcr deine Registrierung in unserem [&hellip;]<\/p>\n","protected":false},"author":4,"featured_media":491,"parent":0,"menu_order":0,"comment_status":"closed","ping_status":"closed","template":"page-full-width.php","meta":{"_acf_changed":false,"content-type":"","footnotes":""},"class_list":["post-8","page","type-page","status-publish","has-post-thumbnail","hentry"],"acf":[],"_links":{"self":[{"href":"https:\/\/www.musikerfabrik.de\/songwritercamp\/wp-json\/wp\/v2\/pages\/8","targetHints":{"allow":["GET"]}}],"collection":[{"href":"https:\/\/www.musikerfabrik.de\/songwritercamp\/wp-json\/wp\/v2\/pages"}],"about":[{"href":"https:\/\/www.musikerfabrik.de\/songwritercamp\/wp-json\/wp\/v2\/types\/page"}],"author":[{"embeddable":true,"href":"https:\/\/www.musikerfabrik.de\/songwritercamp\/wp-json\/wp\/v2\/users\/4"}],"replies":[{"embeddable":true,"href":"https:\/\/www.musikerfabrik.de\/songwritercamp\/wp-json\/wp\/v2\/comments?post=8"}],"version-history":[{"count":56,"href":"https:\/\/www.musikerfabrik.de\/songwritercamp\/wp-json\/wp\/v2\/pages\/8\/revisions"}],"predecessor-version":[{"id":754,"href":"https:\/\/www.musikerfabrik.de\/songwritercamp\/wp-json\/wp\/v2\/pages\/8\/revisions\/754"}],"wp:featuredmedia":[{"embeddable":true,"href":"https:\/\/www.musikerfabrik.de\/songwritercamp\/wp-json\/wp\/v2\/media\/491"}],"wp:attachment":[{"href":"https:\/\/www.musikerfabrik.de\/songwritercamp\/wp-json\/wp\/v2\/media?parent=8"}],"curies":[{"name":"wp","href":"https:\/\/api.w.org\/{rel}","templated":true}]}}