{"id":301,"date":"2018-02-15T13:55:37","date_gmt":"2018-02-15T12:55:37","guid":{"rendered":"http:\/\/www.musikerfabrik.de\/songwritercamp\/?page_id=301"},"modified":"2018-03-10T21:01:08","modified_gmt":"2018-03-10T20:01:08","slug":"statements-2017","status":"publish","type":"page","link":"https:\/\/www.musikerfabrik.de\/songwritercamp\/statements-2017\/","title":{"rendered":"Statements von Teilnehmern und Dozenten"},"content":{"rendered":"<div id=\"pl-301\"  class=\"panel-layout\" ><div id=\"pg-301-0\"  class=\"panel-grid panel-no-style\" ><div id=\"pgc-301-0-0\"  class=\"panel-grid-cell\" ><div id=\"panel-301-0-0-0\" class=\"so-panel widget widget_sow-accordion panel-first-child\" data-index=\"0\" ><div\n\t\t\t\n\t\t\tclass=\"so-widget-sow-accordion so-widget-sow-accordion-default-99be652ed941-301\"\n\t\t\t\n\t\t><div>\n\t<div class=\"sow-accordion\">\n\t\t\t<div class=\"sow-accordion-panel\n\t\t\t\t\t\"\n\t\t\t\tdata-anchor-id=\"teilnehmer-statements\">\n\t\t\t\t\t<div class=\"sow-accordion-panel-header-container\" role=\"heading\" aria-level=\"2\">\n\t\t\t\t\t<div class=\"sow-accordion-panel-header\" tabindex=\"0\" role=\"button\" id=\"accordion-label-teilnehmer-statements\" aria-controls=\"accordion-content-teilnehmer-statements\" aria-expanded=\"false\">\n\t\t\t\t\t\t<div class=\"sow-accordion-title sow-accordion-title-icon-left\">\n\t\t\t\t\t\t\t\t\t\t\t\t\t\tTeilnehmer Statements\t\t\t\t\t\t\t\t\t\t\t\t\t<\/div>\n\t\t\t\t\t\t<div class=\"sow-accordion-open-close-button\">\n\t\t\t\t\t\t\t<div class=\"sow-accordion-open-button\">\n\t\t\t\t\t\t\t\t<span class=\"sow-icon-ionicons\" data-sow-icon=\"&#xf218;\"\n\t\t \n\t\taria-hidden=\"true\"><\/span>\t\t\t\t\t\t\t<\/div>\n\t\t\t\t\t\t\t<div class=\"sow-accordion-close-button\">\n\t\t\t\t\t\t\t\t<span class=\"sow-icon-ionicons\" data-sow-icon=\"&#xf209;\"\n\t\t \n\t\taria-hidden=\"true\"><\/span>\t\t\t\t\t\t\t<\/div>\n\t\t\t\t\t\t<\/div>\n\t\t\t\t\t<\/div>\n\t\t\t\t<\/div>\n\n\t\t\t<div\n\t\t\t\tclass=\"sow-accordion-panel-content\"\n\t\t\t\trole=\"region\"\n\t\t\t\taria-labelledby=\"accordion-label-teilnehmer-statements\"\n\t\t\t\tid=\"accordion-content-teilnehmer-statements\"\n\t\t\t\tstyle=\"display: none;\"\t\t\t>\n\t\t\t\t<div class=\"sow-accordion-panel-border\">\n\t\t\t\t\t<h1 style=\"padding-left: 30px;\">Diese Statements haben uns Teilnehmer vergangener Camps gegeben ...\u00a0<\/h1>\n<p style=\"padding-left: 30px;\"><img fetchpriority=\"high\" decoding=\"async\" class=\"alignleft wp-image-397 size-large\" src=\"https:\/\/www.musikerfabrik.de\/songwritercamp\/wp-content\/uploads\/sites\/3\/2018\/02\/27748196_1618456651552810_6894492332486781519_o-1024x768.jpg\" alt=\"\" width=\"750\" height=\"563\" srcset=\"https:\/\/www.musikerfabrik.de\/songwritercamp\/wp-content\/uploads\/sites\/3\/2018\/02\/27748196_1618456651552810_6894492332486781519_o.jpg 1024w, https:\/\/www.musikerfabrik.de\/songwritercamp\/wp-content\/uploads\/sites\/3\/2018\/02\/27748196_1618456651552810_6894492332486781519_o-300x225.jpg 300w, https:\/\/www.musikerfabrik.de\/songwritercamp\/wp-content\/uploads\/sites\/3\/2018\/02\/27748196_1618456651552810_6894492332486781519_o-768x576.jpg 768w, https:\/\/www.musikerfabrik.de\/songwritercamp\/wp-content\/uploads\/sites\/3\/2018\/02\/27748196_1618456651552810_6894492332486781519_o-600x450.jpg 600w, https:\/\/www.musikerfabrik.de\/songwritercamp\/wp-content\/uploads\/sites\/3\/2018\/02\/27748196_1618456651552810_6894492332486781519_o-80x60.jpg 80w\" sizes=\"(max-width: 750px) 100vw, 750px\" \/><\/p>\n<p style=\"padding-left: 30px;\">\"Es war ein toller Workshop, eine super Erfahrung und ein weiterer Schritt f\u00fcr mich in meinem Songwriter-Leben!\"<\/p>\n<p style=\"padding-left: 30px;\">\"Es gab einige tiefe, emotionale Momente. Beste Voraussetzung f\u00fcr Songwriter. Danke f\u00fcr die Vielfalt der Inspirationen.\"<\/p>\n<p style=\"padding-left: 30px;\">\"Das Camp hat mir erm\u00f6glicht, Inspiration und neue Freude am Zuh\u00f6ren, Ideen-Entwickeln und Umsetzen. Ein Startschuss f\u00fcr Neues.\" Anna-Katharina<\/p>\n<p style=\"padding-left: 30px;\">\"jeder wird sehr wertgesch\u00e4tzt, mit allem, was er mitbringt und schon kann (oder auch nicht :), jeder kann auf seinem Level weiterlernen. Sehr gute Arbeitsatmosph\u00e4re.\"<\/p>\n<p style=\"padding-left: 30px;\">\"Es war ein Segen, weitermachen! Es f\u00f6rdert Leute an der Basis!\"<\/p>\n<p style=\"padding-left: 30px;\">\"Gelungene, professionelle 4 Tage!\"<\/p>\n<p style=\"padding-left: 30px;\">\"Vielen Dank f\u00fcr die Organisation, Hingabe und Herzblut f\u00fcr diese Sache, die man bei euch allen gesp\u00fcrt und gesehen hat!!!\"<\/p>\n<p style=\"padding-left: 30px;\">\"Richtig gut. Bin sehr inspiriert, weiter zu schreiben. Tolle Gespr\u00e4che. Gute L\u00e4nge. Sch\u00f6n waren auch die Musik\/Instrumenten-Workshops als Option.\"<\/p>\n<p style=\"padding-left: 30px;\">\"Das Zusammensein mit anderen Songschreibern, die an unterschiedlichen Stellen in ihrer kreativen Laufbahn sind, war umheimlich inspirierend und bereichernd. Ich habe was gelernt und bin motiviert, selber weiter zu machen!\"<\/p>\t\t\t\t<\/div>\n\t\t\t<\/div>\n\t\t<\/div>\n\t\t\t<div class=\"sow-accordion-panel\n\t\t\t\t\t\"\n\t\t\t\tdata-anchor-id=\"video-statements\">\n\t\t\t\t\t<div class=\"sow-accordion-panel-header-container\" role=\"heading\" aria-level=\"2\">\n\t\t\t\t\t<div class=\"sow-accordion-panel-header\" tabindex=\"0\" role=\"button\" id=\"accordion-label-video-statements\" aria-controls=\"accordion-content-video-statements\" aria-expanded=\"false\">\n\t\t\t\t\t\t<div class=\"sow-accordion-title sow-accordion-title-icon-left\">\n\t\t\t\t\t\t\t\t\t\t\t\t\t\tVideo Statements \t\t\t\t\t\t\t\t\t\t\t\t\t<\/div>\n\t\t\t\t\t\t<div class=\"sow-accordion-open-close-button\">\n\t\t\t\t\t\t\t<div class=\"sow-accordion-open-button\">\n\t\t\t\t\t\t\t\t<span class=\"sow-icon-ionicons\" data-sow-icon=\"&#xf218;\"\n\t\t \n\t\taria-hidden=\"true\"><\/span>\t\t\t\t\t\t\t<\/div>\n\t\t\t\t\t\t\t<div class=\"sow-accordion-close-button\">\n\t\t\t\t\t\t\t\t<span class=\"sow-icon-ionicons\" data-sow-icon=\"&#xf209;\"\n\t\t \n\t\taria-hidden=\"true\"><\/span>\t\t\t\t\t\t\t<\/div>\n\t\t\t\t\t\t<\/div>\n\t\t\t\t\t<\/div>\n\t\t\t\t<\/div>\n\n\t\t\t<div\n\t\t\t\tclass=\"sow-accordion-panel-content\"\n\t\t\t\trole=\"region\"\n\t\t\t\taria-labelledby=\"accordion-label-video-statements\"\n\t\t\t\tid=\"accordion-content-video-statements\"\n\t\t\t\tstyle=\"display: none;\"\t\t\t>\n\t\t\t\t<div class=\"sow-accordion-panel-border\">\n\t\t\t\t\t<p style=\"padding-left: 30px;\"><b><br \/> Hier haben wir einige Video Statements f\u00fcr euch zusammengefasst<\/b><\/p>\n<p style=\"padding-left: 30px;\"><so-iframe style=\"border: none; overflow: hidden;\" src=\"https:\/\/www.facebook.com\/plugins\/video.php?href=https%3A%2F%2Fwww.facebook.com%2Ffoerderbandhannover%2Fvideos%2F1298008523597626%2F&amp;show_text=1&amp;width=560\" width=\"560\" height=\"609\" frameborder=\"0\" scrolling=\"no\"><\/so-iframe><br \/> <so-iframe style=\"border: none; overflow: hidden;\" src=\"https:\/\/www.facebook.com\/plugins\/video.php?href=https%3A%2F%2Fwww.facebook.com%2Ffoerderbandhannover%2Fvideos%2F1330861573645654%2F&amp;show_text=1&amp;width=560\" width=\"560\" height=\"552\" frameborder=\"0\" scrolling=\"no\"><\/so-iframe><br \/> <so-iframe style=\"border: none; overflow: hidden;\" src=\"https:\/\/www.facebook.com\/plugins\/video.php?href=https%3A%2F%2Fwww.facebook.com%2Ffoerderbandhannover%2Fvideos%2F1318899018175243%2F&amp;show_text=1&amp;width=560\" width=\"560\" height=\"533\" frameborder=\"0\" scrolling=\"no\"><\/so-iframe><br \/> <so-iframe style=\"border: none; overflow: hidden;\" src=\"https:\/\/www.facebook.com\/plugins\/video.php?href=https%3A%2F%2Fwww.facebook.com%2Ffoerderbandhannover%2Fvideos%2F1311718598893285%2F&amp;show_text=1&amp;width=560\" width=\"560\" height=\"533\" frameborder=\"0\" scrolling=\"no\"><\/so-iframe><br \/> <so-iframe style=\"border: none; overflow: hidden;\" src=\"https:\/\/www.facebook.com\/plugins\/video.php?href=https%3A%2F%2Fwww.facebook.com%2Ffoerderbandhannover%2Fvideos%2F1290942347637577%2F&amp;show_text=1&amp;width=560\" width=\"560\" height=\"533\" frameborder=\"0\" scrolling=\"no\"><\/so-iframe><\/p>\t\t\t\t<\/div>\n\t\t\t<\/div>\n\t\t<\/div>\n\t\t<\/div>\n<\/div>\n<\/div><\/div><div id=\"panel-301-0-0-1\" class=\"so-panel widget widget_sow-editor panel-last-child\" data-index=\"1\" ><div\n\t\t\t\n\t\t\tclass=\"so-widget-sow-editor so-widget-sow-editor-base\"\n\t\t\t\n\t\t><h3 class=\"widget-title\">Statements von Teilnehmern und Dozenten vergangener Camps <\/h3>\n<div class=\"siteorigin-widget-tinymce textwidget\">\n\t<p style=\"padding-left: 30px;\"><b><br \/> <iframe style=\"border: none; overflow: hidden;\" src=\"https:\/\/www.facebook.com\/plugins\/video.php?href=https%3A%2F%2Fwww.facebook.com%2Ffoerderbandhannover%2Fvideos%2F1298008523597626%2F&amp;show_text=1&amp;width=560\" width=\"560\" height=\"609\" frameborder=\"0\" scrolling=\"no\"><\/iframe><br \/> <iframe style=\"border: none; overflow: hidden;\" src=\"https:\/\/www.facebook.com\/plugins\/video.php?href=https%3A%2F%2Fwww.facebook.com%2Ffoerderbandhannover%2Fvideos%2F1330861573645654%2F&amp;show_text=1&amp;width=560\" width=\"560\" height=\"552\" frameborder=\"0\" scrolling=\"no\"><\/iframe><br \/> <iframe style=\"border: none; overflow: hidden;\" src=\"https:\/\/www.facebook.com\/plugins\/video.php?href=https%3A%2F%2Fwww.facebook.com%2Ffoerderbandhannover%2Fvideos%2F1318899018175243%2F&amp;show_text=1&amp;width=560\" width=\"560\" height=\"533\" frameborder=\"0\" scrolling=\"no\"><\/iframe><br \/> <iframe style=\"border: none; overflow: hidden;\" src=\"https:\/\/www.facebook.com\/plugins\/video.php?href=https%3A%2F%2Fwww.facebook.com%2Ffoerderbandhannover%2Fvideos%2F1311718598893285%2F&amp;show_text=1&amp;width=560\" width=\"560\" height=\"533\" frameborder=\"0\" scrolling=\"no\"><\/iframe><br \/> <iframe style=\"border: none; overflow: hidden;\" src=\"https:\/\/www.facebook.com\/plugins\/video.php?href=https%3A%2F%2Fwww.facebook.com%2Ffoerderbandhannover%2Fvideos%2F1290942347637577%2F&amp;show_text=1&amp;width=560\" width=\"560\" height=\"533\" frameborder=\"0\" scrolling=\"no\"><\/iframe><br \/> <iframe style=\"border: none; overflow: hidden;\" src=\"https:\/\/www.facebook.com\/plugins\/video.php href=https%3A%2F%2Fwww.facebook.com%2Ffoerderbandhannover%2Fvideos%2Fvb.554987021233117%2F1260919093973236%2F%3Ftype%3D3&amp;show_text=0&amp;width=auto\" width=\"560\" height=\"315\" frameborder=\"0\" scrolling=\"no\" allowfullscreen=\"allowfullscreen\"><\/iframe><\/b><\/p>\n<\/div>\n<\/div><\/div><\/div><\/div><\/div>","protected":false},"excerpt":{"rendered":"<p>Teilnehmer Statements Diese Statements haben uns Teilnehmer vergangener Camps gegeben &#8230;\u00a0 &#8222;Es war ein toller Workshop, eine super Erfahrung und ein weiterer Schritt f\u00fcr mich in meinem Songwriter-Leben!&#8220; &#8222;Es gab einige tiefe, emotionale Momente. Beste Voraussetzung f\u00fcr Songwriter. Danke f\u00fcr die Vielfalt der Inspirationen.&#8220; &#8222;Das Camp hat mir erm\u00f6glicht, Inspiration und neue Freude am Zuh\u00f6ren, [&hellip;]<\/p>\n","protected":false},"author":2,"featured_media":211,"parent":0,"menu_order":0,"comment_status":"closed","ping_status":"closed","template":"page-valenti-builder.php","meta":{"content-type":"","footnotes":""},"class_list":["post-301","page","type-page","status-publish","has-post-thumbnail","hentry"],"_links":{"self":[{"href":"https:\/\/www.musikerfabrik.de\/songwritercamp\/wp-json\/wp\/v2\/pages\/301","targetHints":{"allow":["GET"]}}],"collection":[{"href":"https:\/\/www.musikerfabrik.de\/songwritercamp\/wp-json\/wp\/v2\/pages"}],"about":[{"href":"https:\/\/www.musikerfabrik.de\/songwritercamp\/wp-json\/wp\/v2\/types\/page"}],"author":[{"embeddable":true,"href":"https:\/\/www.musikerfabrik.de\/songwritercamp\/wp-json\/wp\/v2\/users\/2"}],"replies":[{"embeddable":true,"href":"https:\/\/www.musikerfabrik.de\/songwritercamp\/wp-json\/wp\/v2\/comments?post=301"}],"version-history":[{"count":43,"href":"https:\/\/www.musikerfabrik.de\/songwritercamp\/wp-json\/wp\/v2\/pages\/301\/revisions"}],"predecessor-version":[{"id":536,"href":"https:\/\/www.musikerfabrik.de\/songwritercamp\/wp-json\/wp\/v2\/pages\/301\/revisions\/536"}],"wp:featuredmedia":[{"embeddable":true,"href":"https:\/\/www.musikerfabrik.de\/songwritercamp\/wp-json\/wp\/v2\/media\/211"}],"wp:attachment":[{"href":"https:\/\/www.musikerfabrik.de\/songwritercamp\/wp-json\/wp\/v2\/media?parent=301"}],"curies":[{"name":"wp","href":"https:\/\/api.w.org\/{rel}","templated":true}]}}