{"id":110,"date":"2017-02-09T15:50:43","date_gmt":"2017-02-09T14:50:43","guid":{"rendered":"http:\/\/www.musikerfabrik.de\/songwritercamp\/?page_id=110"},"modified":"2020-02-22T15:05:06","modified_gmt":"2020-02-22T14:05:06","slug":"ablauf-songwritercamp-hannover","status":"publish","type":"page","link":"https:\/\/www.musikerfabrik.de\/songwritercamp\/ablauf-songwritercamp-hannover\/","title":{"rendered":"Gesamtablauf SongWriterCamp Hannover 2020"},"content":{"rendered":"<div class=\"page\" title=\"Page 1\">\n<div class=\"layoutArea\">\n<div class=\"column\">\n<h1>Gesamtablauf Songwriter-Camp Hannover 2020<\/h1>\n<\/div>\n<\/div>\n<div class=\"layoutArea\">\n<div class=\"column\">\n<h2>Mittwoch<\/h2>\n<ul>\n<li>16:00 Anreise (Hotel- und Privatunterk\u00fcnfte)<\/li>\n<li>17:00 Checkin offen<\/li>\n<li>18:00 Abendessen (Bistro)<\/li>\n<li>19:30 Plenum &#8211; Begr\u00fc\u00dfung ( Frank Wedel, Lothar Kosse)<\/li>\n<li>19:45 Vorstellungsrunde zum Ausloten erster Co-Writing-Teams f\u00fcr Donnerstag<\/li>\n<li>21:00 Input Lothar Kosse<\/li>\n<li>22:00 ChillOut<\/li>\n<li>23:00 offizielles Ende<\/li>\n<\/ul>\n<h2>Donnerstag<\/h2>\n<ul>\n<li>09:30 Plenum Morgenandacht Lothar Kosse<\/li>\n<li>10:00 Plenum Input Lothar Kosse<\/li>\n<li>11:30 Co-Writing Teil 1<\/li>\n<li>13:00 Mittagessen (Bistro)<\/li>\n<li>14:00 Co-Writing Teil 2 (bis 17:30)<\/li>\n<li>15:00 Kaffee-Buffet (Bistro)<\/li>\n<li>16:00 erste Recordingm\u00f6glichkeiten (bis 16:45)<\/li>\n<li>17:30 Abendessen (Bistro)<\/li>\n<li>19:00 Offene B\u00fchne mit Songpr\u00e4sentationen, Meet&amp;Greet &#8222;#NewSongHannover&#8220;<\/li>\n<li>22:00 ChillOut<\/li>\n<li>23:00\u00a0offizielles Ende<\/li>\n<\/ul>\n<h2>Freitag<\/h2>\n<ul>\n<li>09:30 Plenum &#8211; Morgenandacht Lothar Kosse<\/li>\n<li>10:00 Input &#8211; Daniel Schunn &amp; Sarah Brendel<\/li>\n<li>11:30 Co-Writing Teil 3 (bis 13:00)<\/li>\n<li>12:00 Recordingm\u00f6glichkeiten (bis 18:00)<\/li>\n<li>13:00 Mittagessen (Bistro)<\/li>\n<li>14:00 Co-Writing Teil 4 (bis 18:00)<\/li>\n<li>15:00 Kaffee-Buffet (Bistro)<\/li>\n<li>18:00 Abendessen (Bistro)<\/li>\n<li>19:30 Offene B\u00fchne mit Songpr\u00e4sentationen, Moderation Frank Wedel<\/li>\n<li>22:00 ChillOut<\/li>\n<li>23:00 Feierabend<\/li>\n<\/ul>\n<\/div>\n<\/div>\n<\/div>\n<div class=\"page\" title=\"Page 2\">\n<div class=\"layoutArea\">\n<div class=\"column\">\n<h2>Samstag<\/h2>\n<ul>\n<li>09:00 Plenum: Meditation &amp; Segnung mit Katrin von der Heide &amp; Daniel Schunn<\/li>\n<li>11:30 Input \/ Co-Writing<\/li>\n<li>13:00 Mittagessen<\/li>\n<li>14:00 Cubase Einsteiger-Workshop &#8211; Jan-Michel Noeh<\/li>\n<li>16:30 Abschluss\/Feedbackrunde<\/li>\n<li>16:30 Kaffee-Buffet<\/li>\n<li>18:00 Abreise<\/li>\n<\/ul>\n<p>(\u00c4nderungen vorbehalten)<\/p>\n<\/div>\n<\/div>\n<\/div>\n<p>&nbsp;<\/p>\n","protected":false},"excerpt":{"rendered":"<p>Gesamtablauf Songwriter-Camp Hannover 2020 Mittwoch 16:00 Anreise (Hotel- und Privatunterk\u00fcnfte) 17:00 Checkin offen 18:00 Abendessen (Bistro) 19:30 Plenum &#8211; Begr\u00fc\u00dfung ( Frank Wedel, Lothar Kosse) 19:45 Vorstellungsrunde zum Ausloten erster Co-Writing-Teams f\u00fcr Donnerstag 21:00 Input Lothar Kosse 22:00 ChillOut 23:00 offizielles Ende Donnerstag 09:30 Plenum Morgenandacht Lothar Kosse 10:00 Plenum Input Lothar Kosse 11:30 Co-Writing [&hellip;]<\/p>\n","protected":false},"author":2,"featured_media":134,"parent":0,"menu_order":0,"comment_status":"closed","ping_status":"closed","template":"page-full-width.php","meta":{"content-type":"","footnotes":""},"class_list":["post-110","page","type-page","status-publish","has-post-thumbnail","hentry"],"_links":{"self":[{"href":"https:\/\/www.musikerfabrik.de\/songwritercamp\/wp-json\/wp\/v2\/pages\/110","targetHints":{"allow":["GET"]}}],"collection":[{"href":"https:\/\/www.musikerfabrik.de\/songwritercamp\/wp-json\/wp\/v2\/pages"}],"about":[{"href":"https:\/\/www.musikerfabrik.de\/songwritercamp\/wp-json\/wp\/v2\/types\/page"}],"author":[{"embeddable":true,"href":"https:\/\/www.musikerfabrik.de\/songwritercamp\/wp-json\/wp\/v2\/users\/2"}],"replies":[{"embeddable":true,"href":"https:\/\/www.musikerfabrik.de\/songwritercamp\/wp-json\/wp\/v2\/comments?post=110"}],"version-history":[{"count":56,"href":"https:\/\/www.musikerfabrik.de\/songwritercamp\/wp-json\/wp\/v2\/pages\/110\/revisions"}],"predecessor-version":[{"id":734,"href":"https:\/\/www.musikerfabrik.de\/songwritercamp\/wp-json\/wp\/v2\/pages\/110\/revisions\/734"}],"wp:featuredmedia":[{"embeddable":true,"href":"https:\/\/www.musikerfabrik.de\/songwritercamp\/wp-json\/wp\/v2\/media\/134"}],"wp:attachment":[{"href":"https:\/\/www.musikerfabrik.de\/songwritercamp\/wp-json\/wp\/v2\/media?parent=110"}],"curies":[{"name":"wp","href":"https:\/\/api.w.org\/{rel}","templated":true}]}}