{"id":737,"date":"2015-11-12T10:14:49","date_gmt":"2015-11-12T08:14:49","guid":{"rendered":"http:\/\/www.musikerfabrik.de\/foerderband-hannover\/?page_id=737"},"modified":"2021-05-14T16:02:34","modified_gmt":"2021-05-14T14:02:34","slug":"musikschule-hannover-werde-popmusiker-in-der-musikerfabrik","status":"publish","type":"page","link":"https:\/\/www.musikerfabrik.de\/foerderband-hannover\/","title":{"rendered":"Musikschule Hannover | Werde Popmusiker in der Musikerfabrik"},"content":{"rendered":"\t\t<div data-elementor-type=\"wp-page\" data-elementor-id=\"737\" class=\"elementor elementor-737\" data-elementor-post-type=\"page\">\n\t\t\t\t\t\t<section class=\"elementor-section elementor-top-section elementor-element elementor-element-5782072 elementor-section-boxed elementor-section-height-default elementor-section-height-default\" data-id=\"5782072\" data-element_type=\"section\" data-e-type=\"section\">\n\t\t\t\t\t\t<div class=\"elementor-container elementor-column-gap-default\">\n\t\t\t\t\t<div class=\"elementor-column elementor-col-100 elementor-top-column elementor-element elementor-element-1e7f3e80\" data-id=\"1e7f3e80\" data-element_type=\"column\" data-e-type=\"column\">\n\t\t\t<div class=\"elementor-widget-wrap elementor-element-populated\">\n\t\t\t\t\t\t<div class=\"elementor-element elementor-element-4c5cba8b elementor-widget elementor-widget-text-editor\" data-id=\"4c5cba8b\" data-element_type=\"widget\" data-e-type=\"widget\" data-widget_type=\"text-editor.default\">\n\t\t\t\t<div class=\"elementor-widget-container\">\n\t\t\t\t\t\t\t\t\t<div id=\"pl-737\" class=\"panel-layout\">\n<div id=\"pg-737-0\" class=\"panel-grid panel-no-style\" data-style=\"{&quot;background_display&quot;:&quot;tile&quot;,&quot;cell_alignment&quot;:&quot;flex-start&quot;}\">\n<div id=\"pgc-737-0-0\" class=\"panel-grid-cell\" data-weight=\"1\">\n<div id=\"panel-737-0-0-0\" class=\"so-panel widget widget_sow-editor panel-first-child panel-last-child\" data-index=\"0\" data-style=\"{&quot;padding&quot;:&quot;50px 50px 50px 50px&quot;,&quot;background&quot;:&quot;#ffffff&quot;,&quot;background_image_attachment&quot;:&quot;1346&quot;,&quot;background_image_attachment_fallback&quot;:false,&quot;background_display&quot;:&quot;cover&quot;,&quot;font_color&quot;:&quot;#fcfcfc&quot;,&quot;link_color&quot;:&quot;#dd0000&quot;}\">\n<div class=\"panel-widget-style panel-widget-style-for-737-0-0-0\">\n<div class=\"so-widget-sow-editor so-widget-sow-editor-base\">\n<div class=\"siteorigin-widget-tinymce textwidget\">\n<h1>Musikschule in Hannover f\u00fcr Pop, Gospel und Kindermusik<\/h1>\n<h2><strong>flexible Unterrichtszeiten auch am Vormittag oder Wochenende<\/strong><\/h2>\n<h2><strong>10er-Karte oder Unterrichtsvertrag mit halbj\u00e4hrlicher K\u00fcndigungsm\u00f6glichkeit<\/strong><\/h2>\n<h2><strong>gesch\u00fctzter Rahmen zum Ausprobieren und Wachsen, Workshops, Song-Projekte, keine Pr\u00fcfungen<\/strong><\/h2>\n<h2><strong>R\u00fcckerstattungen bei nachweislicher Krankheit, Kuraufenthalten oder Lehrer-Ausfall<\/strong><\/h2>\n<h2><strong>auf Wunsch Onlineunterricht mit moderner&nbsp;<\/strong>Multimedia-Technik, Video\u00fcbertragung und Recordingm\u00f6glichkeiten (wir helfen dir beim Einrichten zu Hause)<\/h2>\n<h2><strong>vor Ort: viele Parkpl\u00e4tze direkt am Geb\u00e4ude mitten im Gr\u00fcnen, Hannover-List\/UBahn &#8222;Vier Grenzen&#8220;<\/strong><\/h2>\n<p style=\"padding-left: 30px;\">Fotonachweise: &nbsp;Hintergrundbild: Diego Sulivan \/ Programm-Fotos: Daniel Schaffer<\/p>\n<h3><\/h3>\n<\/div>\n<\/div>\n<\/div>\n<\/div>\n<\/div>\n<\/div>\n<\/div>\t\t\t\t\t\t\t\t<\/div>\n\t\t\t\t<\/div>\n\t\t\t\t\t<\/div>\n\t\t<\/div>\n\t\t\t\t\t<\/div>\n\t\t<\/section>\n\t\t\t\t<section class=\"elementor-section elementor-top-section elementor-element elementor-element-75cdeaf elementor-section-boxed elementor-section-height-default elementor-section-height-default\" data-id=\"75cdeaf\" data-element_type=\"section\" data-e-type=\"section\">\n\t\t\t\t\t\t<div class=\"elementor-container elementor-column-gap-default\">\n\t\t\t\t\t<div class=\"elementor-column elementor-col-100 elementor-top-column elementor-element elementor-element-aaf9417\" data-id=\"aaf9417\" data-element_type=\"column\" data-e-type=\"column\">\n\t\t\t<div class=\"elementor-widget-wrap elementor-element-populated\">\n\t\t\t\t\t\t<div class=\"elementor-element elementor-element-c35a97e elementor-widget elementor-widget-google_maps\" data-id=\"c35a97e\" data-element_type=\"widget\" data-e-type=\"widget\" data-widget_type=\"google_maps.default\">\n\t\t\t\t<div class=\"elementor-widget-container\">\n\t\t\t\t\t\t\t<div class=\"elementor-custom-embed\">\n\t\t\t<iframe loading=\"lazy\"\n\t\t\t\t\tsrc=\"https:\/\/maps.google.com\/maps?q=Musikerfabrik%20F%C3%B6rderBand%20Hannover&#038;t=m&#038;z=13&#038;output=embed&#038;iwloc=near\"\n\t\t\t\t\ttitle=\"Musikerfabrik F\u00f6rderBand Hannover\"\n\t\t\t\t\taria-label=\"Musikerfabrik F\u00f6rderBand Hannover\"\n\t\t\t><\/iframe>\n\t\t<\/div>\n\t\t\t\t\t\t<\/div>\n\t\t\t\t<\/div>\n\t\t\t\t\t<\/div>\n\t\t<\/div>\n\t\t\t\t\t<\/div>\n\t\t<\/section>\n\t\t\t\t<\/div>\n\t\t","protected":false},"excerpt":{"rendered":"","protected":false},"author":2,"featured_media":3484,"parent":0,"menu_order":0,"comment_status":"open","ping_status":"closed","template":"","meta":{"content-type":"","jetpack_post_was_ever_published":false,"footnotes":""},"class_list":["post-737","page","type-page","status-publish","has-post-thumbnail","hentry"],"jetpack_shortlink":"https:\/\/wp.me\/P51hCu-bT","jetpack_sharing_enabled":true,"jetpack_likes_enabled":true,"_links":{"self":[{"href":"https:\/\/www.musikerfabrik.de\/foerderband-hannover\/wp-json\/wp\/v2\/pages\/737","targetHints":{"allow":["GET"]}}],"collection":[{"href":"https:\/\/www.musikerfabrik.de\/foerderband-hannover\/wp-json\/wp\/v2\/pages"}],"about":[{"href":"https:\/\/www.musikerfabrik.de\/foerderband-hannover\/wp-json\/wp\/v2\/types\/page"}],"author":[{"embeddable":true,"href":"https:\/\/www.musikerfabrik.de\/foerderband-hannover\/wp-json\/wp\/v2\/users\/2"}],"replies":[{"embeddable":true,"href":"https:\/\/www.musikerfabrik.de\/foerderband-hannover\/wp-json\/wp\/v2\/comments?post=737"}],"version-history":[{"count":275,"href":"https:\/\/www.musikerfabrik.de\/foerderband-hannover\/wp-json\/wp\/v2\/pages\/737\/revisions"}],"predecessor-version":[{"id":4638,"href":"https:\/\/www.musikerfabrik.de\/foerderband-hannover\/wp-json\/wp\/v2\/pages\/737\/revisions\/4638"}],"wp:featuredmedia":[{"embeddable":true,"href":"https:\/\/www.musikerfabrik.de\/foerderband-hannover\/wp-json\/wp\/v2\/media\/3484"}],"wp:attachment":[{"href":"https:\/\/www.musikerfabrik.de\/foerderband-hannover\/wp-json\/wp\/v2\/media?parent=737"}],"curies":[{"name":"wp","href":"https:\/\/api.w.org\/{rel}","templated":true}]}}