{"id":73,"date":"2014-04-17T08:45:59","date_gmt":"2014-04-17T06:45:59","guid":{"rendered":"http:\/\/www.musikerfabrik.de\/foerderband-hannover\/?page_id=73"},"modified":"2015-11-11T19:33:05","modified_gmt":"2015-11-11T17:33:05","slug":"workshops","status":"publish","type":"page","link":"https:\/\/www.musikerfabrik.de\/foerderband-hannover\/workshops\/","title":{"rendered":"Musik Workshops &#8222;einen Tag lang Musik[er]leben&#8220; f\u00fcr Musiker Anf\u00e4nger und Fortgeschrittene"},"content":{"rendered":"<p style=\"text-align: left;\"><strong>Workshops<\/strong> bieten dir in loser Folge die M\u00f6glichkeit, <strong>neue Erfahrungen<\/strong> am Instrument oder im Gesang zu sammeln, <strong>ohne daf\u00fcr in einen regelm\u00e4\u00dfigen z.B. w\u00f6chentlichen Unterricht<\/strong> kommen zu m\u00fcssen. Unsere Workshop-Tage stehen unter dem Motto &#8222;einen Tag lang Musik[er]leben&#8220;, weil wir glauben, dass du durch den Austausch auch mit Musikern anderer Sparten viel Gesamtblick auf das gemeinsame Musikmachen bekommst. Wir f\u00f6rdern im jeweils ersten Teil des Workshoptages deine <strong>Gesangs- oder Instrumental-F\u00e4higkeiten <\/strong>in unterschiedlichen Levels. In einem zweiten Teil geht&#8217;s jeweils um das <strong>Zusammenspiel in Workshop-Bandbesetzungen<\/strong>.<\/p>\n<p>Am Ende des Workshop-Tages gibt es sogar die Gelegenheit, sich in unserer <strong>Open-Stage<\/strong> auszuprobieren mit weiteren Musikern aus der Region.<\/p>\n","protected":false},"excerpt":{"rendered":"<p>Workshops bieten dir in loser Folge die M\u00f6glichkeit, neue Erfahrungen am Instrument oder im Gesang zu sammeln, ohne daf\u00fcr in einen regelm\u00e4\u00dfigen z.B. w\u00f6chentlichen Unterricht kommen zu m\u00fcssen. Unsere Workshop-Tage stehen unter dem Motto &#8222;einen Tag lang Musik[er]leben&#8220;, weil wir glauben, dass du durch den Austausch auch mit Musikern anderer Sparten viel Gesamtblick auf das [&hellip;]<\/p>\n","protected":false},"author":4,"featured_media":114,"parent":0,"menu_order":5,"comment_status":"open","ping_status":"closed","template":"page-valenti-builder.php","meta":{"content-type":"","jetpack_post_was_ever_published":false,"footnotes":""},"class_list":["post-73","page","type-page","status-publish","has-post-thumbnail","hentry"],"jetpack_shortlink":"https:\/\/wp.me\/P51hCu-1b","jetpack_sharing_enabled":true,"jetpack_likes_enabled":true,"_links":{"self":[{"href":"https:\/\/www.musikerfabrik.de\/foerderband-hannover\/wp-json\/wp\/v2\/pages\/73","targetHints":{"allow":["GET"]}}],"collection":[{"href":"https:\/\/www.musikerfabrik.de\/foerderband-hannover\/wp-json\/wp\/v2\/pages"}],"about":[{"href":"https:\/\/www.musikerfabrik.de\/foerderband-hannover\/wp-json\/wp\/v2\/types\/page"}],"author":[{"embeddable":true,"href":"https:\/\/www.musikerfabrik.de\/foerderband-hannover\/wp-json\/wp\/v2\/users\/4"}],"replies":[{"embeddable":true,"href":"https:\/\/www.musikerfabrik.de\/foerderband-hannover\/wp-json\/wp\/v2\/comments?post=73"}],"version-history":[{"count":7,"href":"https:\/\/www.musikerfabrik.de\/foerderband-hannover\/wp-json\/wp\/v2\/pages\/73\/revisions"}],"predecessor-version":[{"id":735,"href":"https:\/\/www.musikerfabrik.de\/foerderband-hannover\/wp-json\/wp\/v2\/pages\/73\/revisions\/735"}],"wp:featuredmedia":[{"embeddable":true,"href":"https:\/\/www.musikerfabrik.de\/foerderband-hannover\/wp-json\/wp\/v2\/media\/114"}],"wp:attachment":[{"href":"https:\/\/www.musikerfabrik.de\/foerderband-hannover\/wp-json\/wp\/v2\/media?parent=73"}],"curies":[{"name":"wp","href":"https:\/\/api.w.org\/{rel}","templated":true}]}}