{"id":4957,"date":"2023-09-13T21:23:21","date_gmt":"2023-09-13T19:23:21","guid":{"rendered":"https:\/\/www.musikerfabrik.de\/foerderband-hannover\/?page_id=4957"},"modified":"2026-02-22T10:16:42","modified_gmt":"2026-02-22T08:16:42","slug":"modern-gospelworkshop-mit-frank-wedel","status":"publish","type":"page","link":"https:\/\/www.musikerfabrik.de\/foerderband-hannover\/modern-gospelworkshop-mit-frank-wedel\/","title":{"rendered":"Gospelworkshop 2024 im ArtHotel an der Havel &#8211; just for you!"},"content":{"rendered":"<h5>auszeit mit musik<\/h5>\n<h2>Gospelworkshop 2026 <br \/>im ArtHotel an der Havel &#8211; inspirierendes Retreat mit viel Groove und Seele<\/h2>\n<h2><strong>Musikalische Auszeit in der Wasserstadt Havelberg<\/strong><\/h2>\n<h2><strong style=\"font-family: inherit; font-size: 1.75rem;\">mit Gospelmusiker Frank Wedel (Hannover)\u00a0<\/strong><\/h2>\n<h2><strong>vom 25.-27. September 2026<\/strong><\/h2>\n<p>\t\t\t\t\t<a href=\"https:\/\/calendly.com\/frankwedel\/gospel-workshop-havelberg\" target=\"_blank\" rel=\"noopener\"><br \/>\n\t\t\t\t\t\t\t\t\tWorkshop buchen<br \/>\n\t\t\t\t\t<\/a><br \/>\n\t\t<span class=\"embed-youtube\" style=\"text-align:center; display: block;\"><iframe class=\"youtube-player\" width=\"800\" height=\"450\" src=\"https:\/\/www.youtube.com\/embed\/taXnV9RvipU?version=3&#038;rel=1&#038;showsearch=0&#038;showinfo=1&#038;iv_load_policy=1&#038;fs=1&#038;hl=de-DE&#038;autohide=2&#038;wmode=transparent\" allowfullscreen=\"true\" style=\"border:0;\" sandbox=\"allow-scripts allow-same-origin allow-popups allow-presentation allow-popups-to-escape-sandbox\"><\/iframe><\/span>\t\t<\/p>\n<h4>gemeinsam den Ein-Klang entdecken.<\/h4>\n<p>\t\t\t\t\t\t\t\t\t\t\t\t\t\t\t<img fetchpriority=\"high\" decoding=\"async\" width=\"2560\" height=\"1440\" src=\"https:\/\/www.musikerfabrik.de\/foerderband-hannover\/wp-content\/uploads\/sites\/2\/2023\/12\/Gospelworkshop_Havelberg_Frank_Wedel_Arthotel_-Kiebitzberg_Musikerfabrik-scaled.jpg\" alt=\"\" srcset=\"https:\/\/www.musikerfabrik.de\/foerderband-hannover\/wp-content\/uploads\/sites\/2\/2023\/12\/Gospelworkshop_Havelberg_Frank_Wedel_Arthotel_-Kiebitzberg_Musikerfabrik-scaled.jpg 2560w, https:\/\/www.musikerfabrik.de\/foerderband-hannover\/wp-content\/uploads\/sites\/2\/2023\/12\/Gospelworkshop_Havelberg_Frank_Wedel_Arthotel_-Kiebitzberg_Musikerfabrik-300x169.jpg 300w, https:\/\/www.musikerfabrik.de\/foerderband-hannover\/wp-content\/uploads\/sites\/2\/2023\/12\/Gospelworkshop_Havelberg_Frank_Wedel_Arthotel_-Kiebitzberg_Musikerfabrik-1024x576.jpg 1024w, https:\/\/www.musikerfabrik.de\/foerderband-hannover\/wp-content\/uploads\/sites\/2\/2023\/12\/Gospelworkshop_Havelberg_Frank_Wedel_Arthotel_-Kiebitzberg_Musikerfabrik-768x432.jpg 768w, https:\/\/www.musikerfabrik.de\/foerderband-hannover\/wp-content\/uploads\/sites\/2\/2023\/12\/Gospelworkshop_Havelberg_Frank_Wedel_Arthotel_-Kiebitzberg_Musikerfabrik-1536x864.jpg 1536w, https:\/\/www.musikerfabrik.de\/foerderband-hannover\/wp-content\/uploads\/sites\/2\/2023\/12\/Gospelworkshop_Havelberg_Frank_Wedel_Arthotel_-Kiebitzberg_Musikerfabrik-2048x1152.jpg 2048w, https:\/\/www.musikerfabrik.de\/foerderband-hannover\/wp-content\/uploads\/sites\/2\/2023\/12\/Gospelworkshop_Havelberg_Frank_Wedel_Arthotel_-Kiebitzberg_Musikerfabrik-1320x743.jpg 1320w\" sizes=\"(max-width: 2560px) 100vw, 2560px\" \/><br \/>\n\t\t\t\t\t\t\t\t\t\t\t\t\t\t\t\t<a href=\"https:\/\/www.musikerfabrik.de\/foerderband-hannover\/modern-gospelworkshop-mit-frank-wedel\/\"><br \/>\n\t\t\t\t\t\t\t<img decoding=\"async\" width=\"682\" height=\"1024\" src=\"https:\/\/www.musikerfabrik.de\/foerderband-hannover\/wp-content\/uploads\/sites\/2\/2023\/09\/IMG_1276-682x1024.jpg\" alt=\"\" srcset=\"https:\/\/www.musikerfabrik.de\/foerderband-hannover\/wp-content\/uploads\/sites\/2\/2023\/09\/IMG_1276-682x1024.jpg 682w, https:\/\/www.musikerfabrik.de\/foerderband-hannover\/wp-content\/uploads\/sites\/2\/2023\/09\/IMG_1276-200x300.jpg 200w, https:\/\/www.musikerfabrik.de\/foerderband-hannover\/wp-content\/uploads\/sites\/2\/2023\/09\/IMG_1276-768x1153.jpg 768w, https:\/\/www.musikerfabrik.de\/foerderband-hannover\/wp-content\/uploads\/sites\/2\/2023\/09\/IMG_1276-1024x1536.jpg 1024w, https:\/\/www.musikerfabrik.de\/foerderband-hannover\/wp-content\/uploads\/sites\/2\/2023\/09\/IMG_1276-1365x2048.jpg 1365w, https:\/\/www.musikerfabrik.de\/foerderband-hannover\/wp-content\/uploads\/sites\/2\/2023\/09\/IMG_1276-1320x1981.jpg 1320w, https:\/\/www.musikerfabrik.de\/foerderband-hannover\/wp-content\/uploads\/sites\/2\/2023\/09\/IMG_1276-scaled.jpg 1706w\" sizes=\"(max-width: 682px) 100vw, 682px\" \/>\t\t\t\t\t\t\t\t<\/a><\/p>\n<h2>Gemeinschaft &amp; Ambiente<\/h2>\n<p style=\"text-align: left;\"><strong style=\"color: #000000; text-align: start; font-family: var( --e-global-typography-text-font-family ), Sans-serif;\">Frank Wedel<\/strong>\u00a0<strong style=\"color: #000000; text-align: start; font-family: var( --e-global-typography-text-font-family ), Sans-serif;\">singt<\/strong>\u00a0mit seinen Teilnehmer\/innen an drei Tagen moderne, ber\u00fchrende und\u00a0<strong style=\"color: #000000; text-align: start; font-family: var( --e-global-typography-text-font-family ), Sans-serif;\">mitrei\u00dfende Gospels<\/strong>\u00a0in der Wasserstadt Havelberg.<\/p>\n<p style=\"text-align: start; color: #000000;\">Neben\u00a0<strong>gesundem Essen<\/strong>\u00a0und einer\u00a0<strong>inspirierenden Umgebung am Fluss<\/strong>\u00a0kann man beim <strong>Gospelwochenende<\/strong> mit Frank\u00a0<strong>ganz bei sich selbst ankommen<\/strong>\u00a0und wird dabei ein wichtiger klingender Teil einer Gruppenerfahrung aus lauter Rhythmus und Harmonie.<\/p>\n<p style=\"text-align: start; color: #000000;\"><strong>Mit Musik-Aktivit\u00e4ten auf der Havel, im Dom und im Mahagoni-Saal des ArtHotels<\/strong> sowie einem \u00f6ffentlichen Abschluss-Singen am Sonntag begeistern wir auch andere.<\/p>\n<p style=\"text-align: start; color: #000000;\"><strong>Havelberg<\/strong> ist ein Geheimtipp f\u00fcr\u00a0Rad- und Wasserwanderer sowie f\u00fcr\u00a0Kurzurlauber auf St\u00e4dtetrip im Land Brandenburg und der Elberegion Altmark\u00a0zwischen Berlin und L\u00fcneburg.<\/p>\n<p>\t\t\t\t\t\t\t\t\t\t\t\t\t\t\t<img decoding=\"async\" width=\"1536\" height=\"2048\" src=\"https:\/\/www.musikerfabrik.de\/foerderband-hannover\/wp-content\/uploads\/sites\/2\/2024\/10\/Frank-Wedel-talking-lachen-Buehne-Gospelworkshop-Havelberg.jpg\" alt=\"\" srcset=\"https:\/\/www.musikerfabrik.de\/foerderband-hannover\/wp-content\/uploads\/sites\/2\/2024\/10\/Frank-Wedel-talking-lachen-Buehne-Gospelworkshop-Havelberg.jpg 1536w, https:\/\/www.musikerfabrik.de\/foerderband-hannover\/wp-content\/uploads\/sites\/2\/2024\/10\/Frank-Wedel-talking-lachen-Buehne-Gospelworkshop-Havelberg-225x300.jpg 225w, https:\/\/www.musikerfabrik.de\/foerderband-hannover\/wp-content\/uploads\/sites\/2\/2024\/10\/Frank-Wedel-talking-lachen-Buehne-Gospelworkshop-Havelberg-768x1024.jpg 768w, https:\/\/www.musikerfabrik.de\/foerderband-hannover\/wp-content\/uploads\/sites\/2\/2024\/10\/Frank-Wedel-talking-lachen-Buehne-Gospelworkshop-Havelberg-1152x1536.jpg 1152w\" sizes=\"(max-width: 1536px) 100vw, 1536px\" \/>\t\t\t\t\t\t\t\t\t\t\t\t\t\t\t<\/p>\n<h4>Auszeit ohne Langeweile<\/h4>\n<h2>positive Ausstrahlung<\/h2>\n<p style=\"text-align: left;\">Weil\u00a0Gospelmusik eine gro\u00dfe Hoffnung ausstrahlt, geht man aus einem solchen Workshop beseelt und gest\u00e4rkt wieder zur\u00fcck auf seine individuelle Lebensreise &#8211; nur eben jetzt mit ein paar himmlischen Ohrw\u00fcrmern.<\/p>\n<p>\t\t\t\t\t\t\t\t\t\t\t\t\t\t\t\t<a href=\"https:\/\/calendly.com\/musikerfabrik\/gospel-singen-workshop-retreat-havel%20\" target=\"_blank\" rel=\"noopener\"><br \/>\n\t\t\t\t\t\t\t<img loading=\"lazy\" decoding=\"async\" width=\"800\" height=\"534\" src=\"https:\/\/www.musikerfabrik.de\/foerderband-hannover\/wp-content\/uploads\/sites\/2\/2023\/09\/15936905_10210260926653028_8769410597522135151_o-1024x683.jpg\" alt=\"\" srcset=\"https:\/\/www.musikerfabrik.de\/foerderband-hannover\/wp-content\/uploads\/sites\/2\/2023\/09\/15936905_10210260926653028_8769410597522135151_o-1024x683.jpg 1024w, https:\/\/www.musikerfabrik.de\/foerderband-hannover\/wp-content\/uploads\/sites\/2\/2023\/09\/15936905_10210260926653028_8769410597522135151_o-300x200.jpg 300w, https:\/\/www.musikerfabrik.de\/foerderband-hannover\/wp-content\/uploads\/sites\/2\/2023\/09\/15936905_10210260926653028_8769410597522135151_o-768x512.jpg 768w, https:\/\/www.musikerfabrik.de\/foerderband-hannover\/wp-content\/uploads\/sites\/2\/2023\/09\/15936905_10210260926653028_8769410597522135151_o-1536x1024.jpg 1536w, https:\/\/www.musikerfabrik.de\/foerderband-hannover\/wp-content\/uploads\/sites\/2\/2023\/09\/15936905_10210260926653028_8769410597522135151_o-1320x880.jpg 1320w, https:\/\/www.musikerfabrik.de\/foerderband-hannover\/wp-content\/uploads\/sites\/2\/2023\/09\/15936905_10210260926653028_8769410597522135151_o-272x182.jpg 272w, https:\/\/www.musikerfabrik.de\/foerderband-hannover\/wp-content\/uploads\/sites\/2\/2023\/09\/15936905_10210260926653028_8769410597522135151_o.jpg 2048w\" sizes=\"(max-width: 800px) 100vw, 800px\" \/>\t\t\t\t\t\t\t\t<\/a><\/p>\n<h2>jeder kann mitmachen<\/h2>\n<p style=\"text-align: left;\">Musikalische Vorraussetzungen werden nicht erwartet. Der zeitliche Ablauf des Workshops folg hier in K\u00fcrze. Beginn ist Freitag 18:00 und das Ende wird gegen 14:00 am Sonntag sein.\u00a0<\/p>\n<p style=\"text-align: left;\"><b>Kosten f\u00fcr den Gospelworkshop:<\/b><b style=\"color: #000000; font-family: var( --e-global-typography-text-font-family ), Sans-serif;\">\u00a099\u20ac \u00a0 \u00a0 \u00a0<\/b><\/p>\n<p style=\"text-align: left;\"><b><a style=\"font-family: var( --e-global-typography-text-font-family ), Sans-serif;\" href=\"https:\/\/calendly.com\/frankwedel\/gospel-workshop-havelberg\" target=\"_blank\" rel=\"noopener\">Workshop-Anmeldung hier\u00a0<\/a>\u2026\u00a0 \u00a0 \u00a0 \u00a0<\/b><\/p>\n<p style=\"text-align: left;\"><b style=\"font-family: var( --e-global-typography-text-font-family ), Sans-serif; text-align: center;\"><a href=\"https:\/\/arthotel-kiebitzberg.de\/aktionen\/gospelworkshop-mit-frank-wedel\/\" target=\"_blank\" rel=\"noopener\">Hotelunterkunft buchen hier &#8230;<\/a><\/b><\/p>\n<p>\t\t\t\t\t\t\t\t\t\t\t\t\t\t\t\t<a href=\"https:\/\/www.musikerfabrik.de\/foerderband-hannover\/modern-gospelworkshop-mit-frank-wedel\/\"><br \/>\n\t\t\t\t\t\t\t<img loading=\"lazy\" decoding=\"async\" width=\"800\" height=\"534\" src=\"https:\/\/www.musikerfabrik.de\/foerderband-hannover\/wp-content\/uploads\/sites\/2\/2023\/09\/24_web-1-1024x683.jpg\" alt=\"\" srcset=\"https:\/\/www.musikerfabrik.de\/foerderband-hannover\/wp-content\/uploads\/sites\/2\/2023\/09\/24_web-1-1024x683.jpg 1024w, https:\/\/www.musikerfabrik.de\/foerderband-hannover\/wp-content\/uploads\/sites\/2\/2023\/09\/24_web-1-300x200.jpg 300w, https:\/\/www.musikerfabrik.de\/foerderband-hannover\/wp-content\/uploads\/sites\/2\/2023\/09\/24_web-1-768x513.jpg 768w, https:\/\/www.musikerfabrik.de\/foerderband-hannover\/wp-content\/uploads\/sites\/2\/2023\/09\/24_web-1-1536x1025.jpg 1536w, https:\/\/www.musikerfabrik.de\/foerderband-hannover\/wp-content\/uploads\/sites\/2\/2023\/09\/24_web-1-2048x1367.jpg 2048w, https:\/\/www.musikerfabrik.de\/foerderband-hannover\/wp-content\/uploads\/sites\/2\/2023\/09\/24_web-1-1320x881.jpg 1320w, https:\/\/www.musikerfabrik.de\/foerderband-hannover\/wp-content\/uploads\/sites\/2\/2023\/09\/24_web-1-272x182.jpg 272w\" sizes=\"(max-width: 800px) 100vw, 800px\" \/>\t\t\t\t\t\t\t\t<\/a><\/p>\n<h2>ArtHotel-Special<\/h2>\n<p style=\"text-align: left;\">Unterbringung:\u00a0Ideal ist nat\u00fcrlich eine Hotelbuchung direkt im ArtHotel. Dazu gibt&#8217;s ein limitiertes, extra auf den Workshop zugeschnittenes &#8222;Special&#8220; an diesem Wochenende, das\u00a0<a style=\"font-family: var( --e-global-typography-text-font-family ), Sans-serif; text-align: start;\" href=\"https:\/\/arthotel-kiebitzberg.de\/aktionen\/gospelworkshop-mit-frank-wedel\/\" target=\"_blank\" rel=\"noopener noreferrer\">hier buchbar<\/a>\u00a0ist.<\/p>\n<p>\t\t\t\t\t\t\t\t\t\t\t\t\t\t\t\t<a href=\"https:\/\/www.musikerfabrik.de\/foerderband-hannover\/modern-gospelworkshop-mit-frank-wedel\/\"><br \/>\n\t\t\t\t\t\t\t<img loading=\"lazy\" decoding=\"async\" width=\"800\" height=\"534\" src=\"https:\/\/www.musikerfabrik.de\/foerderband-hannover\/wp-content\/uploads\/sites\/2\/2023\/09\/BilderFrank-3-1024x683.jpg\" alt=\"\" srcset=\"https:\/\/www.musikerfabrik.de\/foerderband-hannover\/wp-content\/uploads\/sites\/2\/2023\/09\/BilderFrank-3-1024x683.jpg 1024w, https:\/\/www.musikerfabrik.de\/foerderband-hannover\/wp-content\/uploads\/sites\/2\/2023\/09\/BilderFrank-3-300x200.jpg 300w, https:\/\/www.musikerfabrik.de\/foerderband-hannover\/wp-content\/uploads\/sites\/2\/2023\/09\/BilderFrank-3-768x512.jpg 768w, https:\/\/www.musikerfabrik.de\/foerderband-hannover\/wp-content\/uploads\/sites\/2\/2023\/09\/BilderFrank-3-1536x1024.jpg 1536w, https:\/\/www.musikerfabrik.de\/foerderband-hannover\/wp-content\/uploads\/sites\/2\/2023\/09\/BilderFrank-3-2048x1365.jpg 2048w, https:\/\/www.musikerfabrik.de\/foerderband-hannover\/wp-content\/uploads\/sites\/2\/2023\/09\/BilderFrank-3-1320x880.jpg 1320w, https:\/\/www.musikerfabrik.de\/foerderband-hannover\/wp-content\/uploads\/sites\/2\/2023\/09\/BilderFrank-3-272x182.jpg 272w\" sizes=\"(max-width: 800px) 100vw, 800px\" \/>\t\t\t\t\t\t\t\t<\/a><\/p>\n<h2>Workshop-Anmeldung<\/h2>\n<p><a style=\"font-family: var( --e-global-typography-text-font-family ), Sans-serif\" href=\"https:\/\/calendly.com\/musikerfabrik\/gospel-singen-workshop-retreat-havel\" target=\"_blank\" rel=\"noopener\">Zum Anmelden einfach hier die Emailadresse eingeben und auf weitere Infos per Email achten<\/a><\/p>\n<figure>\n\t\t\t\t\t\t\t\t\t\t<img loading=\"lazy\" decoding=\"async\" width=\"700\" height=\"1024\" src=\"https:\/\/www.musikerfabrik.de\/foerderband-hannover\/wp-content\/uploads\/sites\/2\/2023\/09\/Buchsbaum-und-Sessel-700x1024-2.jpg\" alt=\"\" srcset=\"https:\/\/www.musikerfabrik.de\/foerderband-hannover\/wp-content\/uploads\/sites\/2\/2023\/09\/Buchsbaum-und-Sessel-700x1024-2.jpg 700w, https:\/\/www.musikerfabrik.de\/foerderband-hannover\/wp-content\/uploads\/sites\/2\/2023\/09\/Buchsbaum-und-Sessel-700x1024-2-205x300.jpg 205w\" sizes=\"(max-width: 700px) 100vw, 700px\" \/><figcaption>Initiatorin Renate Lewerken<\/figcaption><\/figure>\n<h2>Frank Wedel<\/h2>\n<p style=\"text-align: left;\">Frank Wedel lebt in Hannover und singt mit mehr als hundert Menschen aller Altersgruppen jede Woche. Er hat vor 32 Jahren die Song-<a href=\"http:\/\/www.musikerfabrik.de\" target=\"_blank\" rel=\"noopener\">Musikschule &#8222;Musikerfabrik&#8220;<\/a> gegr\u00fcndet und ist dar\u00fcber hinaus ist er als <a href=\"https:\/\/www.gemeinde-am-doehrener-turm.de\/mitmachen\/musik-am-doehrener-turm\/\" target=\"_blank\" rel=\"noopener\">PopKantor in Hannover<\/a> t\u00e4tig.<\/p>\n<figure><a href=\"https:\/\/calendly.com\/musikerfabrik\/gospel-singen-workshop-retreat-havel\" tabindex=\"-1\" target=\"_blank\" rel=\"noopener\"><img loading=\"lazy\" decoding=\"async\" width=\"1125\" height=\"1440\" src=\"https:\/\/www.musikerfabrik.de\/foerderband-hannover\/wp-content\/uploads\/sites\/2\/2023\/09\/ArtHotel_FelixGoder_RenateLewerken.jpeg\" alt=\"\" \/><\/a><\/figure>\n<h3><a href=\"https:\/\/calendly.com\/musikerfabrik\/gospel-singen-workshop-retreat-havel\" target=\"_blank\" rel=\"noopener\">Felix Goder &amp; Renate Lewerken<\/a><\/h3>\n<p>Gastgeber<\/p>\n<p>\t\t\t\t\t<a target=\"_blank\"><br \/>\n\t\t\t\t\t\tFacebook<br \/>\n\t\t\t\t\t\t\t\t\t\t\t<\/a><br \/>\n\t\t\t\t\t<a target=\"_blank\"><br \/>\n\t\t\t\t\t\tTwitter<br \/>\n\t\t\t\t\t\t\t\t\t\t\t<\/a><br \/>\n\t\t\t\t\t<a target=\"_blank\"><br \/>\n\t\t\t\t\t\tDribbble<br \/>\n\t\t\t\t\t\t\t\t\t\t\t<\/a><br \/>\n\t\t\t\t\t<a target=\"_blank\"><br \/>\n\t\t\t\t\t\tBehance<br \/>\n\t\t\t\t\t\t\t\t\t\t\t<\/a><br \/>\n\t\t\t<iframe loading=\"lazy\"\n\t\t\t\t\tsrc=\"https:\/\/maps.google.com\/maps?q=havelberg%2C%20Arthotel%20kiebitz&#038;t=m&#038;z=12&#038;output=embed&#038;iwloc=near\"\n\t\t\t\t\ttitle=\"havelberg, Arthotel kiebitz\"\n\t\t\t\t\taria-label=\"havelberg, Arthotel kiebitz\"\n\t\t\t><\/iframe><\/p>\n<h6>Location<\/h6>\n<p><a href=\"https:\/\/plus.codes\/9F4JR3P7+7RJ\" target=\"_blank\" rel=\"noopener\">ArtHotel Kiebitzberg<\/a><\/p>\n<p><a href=\"https:\/\/plus.codes\/9F4JR3P7+7RJ\" target=\"_blank\" rel=\"noopener\">Sch\u00f6nberger Weg 6, 39539 Havelberg<\/a><\/p>\n<h6>Fragen zum Hotel<\/h6>\n<p><a href=\"tel:039387%20595151\">+49 39387 595151<\/a><\/p>\n<p><a href=\"mailto:arthotel@kiebitzberg.de\">Email senden<\/a><\/p>\n<h6>Fragen zum Workshop<\/h6>\n<p><a href=\"+49511-51545434\">+49511 51545434 <\/a><\/p>\n<p><a href=\"mailto:info@musikerfabrik.de\">Email senden<\/a><\/p>\n<p>\t\t\t\t\t\t\t\t\t\t\t\t\t\t\t\t<a href=\"https:\/\/www.musikerfabrik.de\/foerderband-hannover\/modern-gospelworkshop-mit-frank-wedel\/\"><br \/>\n\t\t\t\t\t\t\t<img loading=\"lazy\" decoding=\"async\" width=\"800\" height=\"227\" src=\"https:\/\/www.musikerfabrik.de\/foerderband-hannover\/wp-content\/uploads\/sites\/2\/2023\/09\/Bildschirmfoto-2023-09-13-um-18.42.34-1024x291.png\" alt=\"\" srcset=\"https:\/\/www.musikerfabrik.de\/foerderband-hannover\/wp-content\/uploads\/sites\/2\/2023\/09\/Bildschirmfoto-2023-09-13-um-18.42.34-1024x291.png 1024w, https:\/\/www.musikerfabrik.de\/foerderband-hannover\/wp-content\/uploads\/sites\/2\/2023\/09\/Bildschirmfoto-2023-09-13-um-18.42.34-300x85.png 300w, https:\/\/www.musikerfabrik.de\/foerderband-hannover\/wp-content\/uploads\/sites\/2\/2023\/09\/Bildschirmfoto-2023-09-13-um-18.42.34-768x218.png 768w, https:\/\/www.musikerfabrik.de\/foerderband-hannover\/wp-content\/uploads\/sites\/2\/2023\/09\/Bildschirmfoto-2023-09-13-um-18.42.34-1536x437.png 1536w, https:\/\/www.musikerfabrik.de\/foerderband-hannover\/wp-content\/uploads\/sites\/2\/2023\/09\/Bildschirmfoto-2023-09-13-um-18.42.34-2048x582.png 2048w, https:\/\/www.musikerfabrik.de\/foerderband-hannover\/wp-content\/uploads\/sites\/2\/2023\/09\/Bildschirmfoto-2023-09-13-um-18.42.34-1320x375.png 1320w\" sizes=\"(max-width: 800px) 100vw, 800px\" \/>\t\t\t\t\t\t\t\t<\/a><br \/>\n\t\t\t\t\t<a target=\"_blank\"><br \/>\n\t\t\t\t\t\tFacebook-f<br \/>\n\t\t\t\t\t\t<svg aria-hidden=\"true\" viewBox=\"0 0 320 512\" xmlns=\"http:\/\/www.w3.org\/2000\/svg\"><path d=\"M279.14 288l14.22-92.66h-88.91v-60.13c0-25.35 12.42-50.06 52.24-50.06h40.42V6.26S260.43 0 225.36 0c-73.22 0-121.08 44.38-121.08 124.72v70.62H22.89V288h81.39v224h100.17V288z\"><\/path><\/svg>\t\t\t\t\t<\/a><br \/>\n\t\t\t\t\t<a target=\"_blank\"><br \/>\n\t\t\t\t\t\tTwitter<br \/>\n\t\t\t\t\t\t<svg aria-hidden=\"true\" viewBox=\"0 0 512 512\" xmlns=\"http:\/\/www.w3.org\/2000\/svg\"><path d=\"M459.37 151.716c.325 4.548.325 9.097.325 13.645 0 138.72-105.583 298.558-298.558 298.558-59.452 0-114.68-17.219-161.137-47.106 8.447.974 16.568 1.299 25.34 1.299 49.055 0 94.213-16.568 130.274-44.832-46.132-.975-84.792-31.188-98.112-72.772 6.498.974 12.995 1.624 19.818 1.624 9.421 0 18.843-1.3 27.614-3.573-48.081-9.747-84.143-51.98-84.143-102.985v-1.299c13.969 7.797 30.214 12.67 47.431 13.319-28.264-18.843-46.781-51.005-46.781-87.391 0-19.492 5.197-37.36 14.294-52.954 51.655 63.675 129.3 105.258 216.365 109.807-1.624-7.797-2.599-15.918-2.599-24.04 0-57.828 46.782-104.934 104.934-104.934 30.213 0 57.502 12.67 76.67 33.137 23.715-4.548 46.456-13.32 66.599-25.34-7.798 24.366-24.366 44.833-46.132 57.827 21.117-2.273 41.584-8.122 60.426-16.243-14.292 20.791-32.161 39.308-52.628 54.253z\"><\/path><\/svg>\t\t\t\t\t<\/a><br \/>\n\t\t\t\t\t<a target=\"_blank\"><br \/>\n\t\t\t\t\t\tGoogle-plus-g<br \/>\n\t\t\t\t\t\t<svg aria-hidden=\"true\" viewBox=\"0 0 640 512\" xmlns=\"http:\/\/www.w3.org\/2000\/svg\"><path d=\"M386.061 228.496c1.834 9.692 3.143 19.384 3.143 31.956C389.204 370.205 315.599 448 204.8 448c-106.084 0-192-85.915-192-192s85.916-192 192-192c51.864 0 95.083 18.859 128.611 50.292l-52.126 50.03c-14.145-13.621-39.028-29.599-76.485-29.599-65.484 0-118.92 54.221-118.92 121.277 0 67.056 53.436 121.277 118.92 121.277 75.961 0 104.513-54.745 108.965-82.773H204.8v-66.009h181.261zm185.406 6.437V179.2h-56.001v55.733h-55.733v56.001h55.733v55.733h56.001v-55.733H627.2v-56.001h-55.733z\"><\/path><\/svg>\t\t\t\t\t<\/a><br \/>\n\t\t\t\t\t<a target=\"_blank\"><br \/>\n\t\t\t\t\t\tInstagram<br \/>\n\t\t\t\t\t\t<svg aria-hidden=\"true\" viewBox=\"0 0 448 512\" xmlns=\"http:\/\/www.w3.org\/2000\/svg\"><path d=\"M224.1 141c-63.6 0-114.9 51.3-114.9 114.9s51.3 114.9 114.9 114.9S339 319.5 339 255.9 287.7 141 224.1 141zm0 189.6c-41.1 0-74.7-33.5-74.7-74.7s33.5-74.7 74.7-74.7 74.7 33.5 74.7 74.7-33.6 74.7-74.7 74.7zm146.4-194.3c0 14.9-12 26.8-26.8 26.8-14.9 0-26.8-12-26.8-26.8s12-26.8 26.8-26.8 26.8 12 26.8 26.8zm76.1 27.2c-1.7-35.9-9.9-67.7-36.2-93.9-26.2-26.2-58-34.4-93.9-36.2-37-2.1-147.9-2.1-184.9 0-35.8 1.7-67.6 9.9-93.9 36.1s-34.4 58-36.2 93.9c-2.1 37-2.1 147.9 0 184.9 1.7 35.9 9.9 67.7 36.2 93.9s58 34.4 93.9 36.2c37 2.1 147.9 2.1 184.9 0 35.9-1.7 67.7-9.9 93.9-36.2 26.2-26.2 34.4-58 36.2-93.9 2.1-37 2.1-147.8 0-184.8zM398.8 388c-7.8 19.6-22.9 34.7-42.6 42.6-29.5 11.7-99.5 9-132.1 9s-102.7 2.6-132.1-9c-19.6-7.8-34.7-22.9-42.6-42.6-11.7-29.5-9-99.5-9-132.1s-2.6-102.7 9-132.1c7.8-19.6 22.9-34.7 42.6-42.6 29.5-11.7 99.5-9 132.1-9s102.7-2.6 132.1 9c19.6 7.8 34.7 22.9 42.6 42.6 11.7 29.5 9 99.5 9 132.1s2.7 102.7-9 132.1z\"><\/path><\/svg>\t\t\t\t\t<\/a><br \/>\n\t\t\t\t\t<a target=\"_blank\"><br \/>\n\t\t\t\t\t\tDribbble<br \/>\n\t\t\t\t\t\t<svg aria-hidden=\"true\" viewBox=\"0 0 512 512\" xmlns=\"http:\/\/www.w3.org\/2000\/svg\"><path d=\"M256 8C119.252 8 8 119.252 8 256s111.252 248 248 248 248-111.252 248-248S392.748 8 256 8zm163.97 114.366c29.503 36.046 47.369 81.957 47.835 131.955-6.984-1.477-77.018-15.682-147.502-6.818-5.752-14.041-11.181-26.393-18.617-41.614 78.321-31.977 113.818-77.482 118.284-83.523zM396.421 97.87c-3.81 5.427-35.697 48.286-111.021 76.519-34.712-63.776-73.185-116.168-79.04-124.008 67.176-16.193 137.966 1.27 190.061 47.489zm-230.48-33.25c5.585 7.659 43.438 60.116 78.537 122.509-99.087 26.313-186.36 25.934-195.834 25.809C62.38 147.205 106.678 92.573 165.941 64.62zM44.17 256.323c0-2.166.043-4.322.108-6.473 9.268.19 111.92 1.513 217.706-30.146 6.064 11.868 11.857 23.915 17.174 35.949-76.599 21.575-146.194 83.527-180.531 142.306C64.794 360.405 44.17 310.73 44.17 256.323zm81.807 167.113c22.127-45.233 82.178-103.622 167.579-132.756 29.74 77.283 42.039 142.053 45.189 160.638-68.112 29.013-150.015 21.053-212.768-27.882zm248.38 8.489c-2.171-12.886-13.446-74.897-41.152-151.033 66.38-10.626 124.7 6.768 131.947 9.055-9.442 58.941-43.273 109.844-90.795 141.978z\"><\/path><\/svg>\t\t\t\t\t<\/a><br \/>\n\t\t\t\t\t<a target=\"_blank\"><br \/>\n\t\t\t\t\t\tYoutube<br \/>\n\t\t\t\t\t\t<svg aria-hidden=\"true\" viewBox=\"0 0 576 512\" xmlns=\"http:\/\/www.w3.org\/2000\/svg\"><path d=\"M549.655 124.083c-6.281-23.65-24.787-42.276-48.284-48.597C458.781 64 288 64 288 64S117.22 64 74.629 75.486c-23.497 6.322-42.003 24.947-48.284 48.597-11.412 42.867-11.412 132.305-11.412 132.305s0 89.438 11.412 132.305c6.281 23.65 24.787 41.5 48.284 47.821C117.22 448 288 448 288 448s170.78 0 213.371-11.486c23.497-6.321 42.003-24.171 48.284-47.821 11.412-42.867 11.412-132.305 11.412-132.305s0-89.438-11.412-132.305zm-317.51 213.508V175.185l142.739 81.205-142.739 81.201z\"><\/path><\/svg>\t\t\t\t\t<\/a><\/p>\n","protected":false},"excerpt":{"rendered":"<p>Entdecke deine Stimme und komm ganz bei dir selbst an. Werde mit anderen ein Gesamtklang aus Rhythmus und Harmonie beim Gospelworkshop mit Frank Wedel (Hannover)<\/p>\n","protected":false},"author":2,"featured_media":5014,"parent":0,"menu_order":0,"comment_status":"closed","ping_status":"closed","template":"elementor_header_footer","meta":{"content-type":"","jetpack_post_was_ever_published":false,"footnotes":""},"class_list":["post-4957","page","type-page","status-publish","has-post-thumbnail","hentry"],"jetpack_shortlink":"https:\/\/wp.me\/P51hCu-1hX","jetpack_sharing_enabled":true,"jetpack_likes_enabled":true,"_links":{"self":[{"href":"https:\/\/www.musikerfabrik.de\/foerderband-hannover\/wp-json\/wp\/v2\/pages\/4957","targetHints":{"allow":["GET"]}}],"collection":[{"href":"https:\/\/www.musikerfabrik.de\/foerderband-hannover\/wp-json\/wp\/v2\/pages"}],"about":[{"href":"https:\/\/www.musikerfabrik.de\/foerderband-hannover\/wp-json\/wp\/v2\/types\/page"}],"author":[{"embeddable":true,"href":"https:\/\/www.musikerfabrik.de\/foerderband-hannover\/wp-json\/wp\/v2\/users\/2"}],"replies":[{"embeddable":true,"href":"https:\/\/www.musikerfabrik.de\/foerderband-hannover\/wp-json\/wp\/v2\/comments?post=4957"}],"version-history":[{"count":291,"href":"https:\/\/www.musikerfabrik.de\/foerderband-hannover\/wp-json\/wp\/v2\/pages\/4957\/revisions"}],"predecessor-version":[{"id":5619,"href":"https:\/\/www.musikerfabrik.de\/foerderband-hannover\/wp-json\/wp\/v2\/pages\/4957\/revisions\/5619"}],"wp:featuredmedia":[{"embeddable":true,"href":"https:\/\/www.musikerfabrik.de\/foerderband-hannover\/wp-json\/wp\/v2\/media\/5014"}],"wp:attachment":[{"href":"https:\/\/www.musikerfabrik.de\/foerderband-hannover\/wp-json\/wp\/v2\/media?parent=4957"}],"curies":[{"name":"wp","href":"https:\/\/api.w.org\/{rel}","templated":true}]}}