{"id":4799,"date":"2022-02-09T13:11:11","date_gmt":"2022-02-09T11:11:11","guid":{"rendered":"https:\/\/www.musikerfabrik.de\/foerderband-hannover\/?page_id=4799"},"modified":"2024-02-16T13:06:51","modified_gmt":"2024-02-16T11:06:51","slug":"unterrichtsgebuehren","status":"publish","type":"page","link":"https:\/\/www.musikerfabrik.de\/foerderband-hannover\/unterrichtsgebuehren\/","title":{"rendered":"Unterrichtsgeb\u00fchren Musikerfabrik Hannover"},"content":{"rendered":"\t\t<div data-elementor-type=\"wp-page\" data-elementor-id=\"4799\" class=\"elementor elementor-4799\" data-elementor-post-type=\"page\">\n\t\t\t\t\t\t<section class=\"elementor-section elementor-top-section elementor-element elementor-element-bdf9023 elementor-section-boxed elementor-section-height-default elementor-section-height-default\" data-id=\"bdf9023\" data-element_type=\"section\" data-e-type=\"section\">\n\t\t\t\t\t\t<div class=\"elementor-container elementor-column-gap-default\">\n\t\t\t\t\t<div class=\"elementor-column elementor-col-100 elementor-top-column elementor-element elementor-element-d085b25\" data-id=\"d085b25\" data-element_type=\"column\" data-e-type=\"column\">\n\t\t\t<div class=\"elementor-widget-wrap elementor-element-populated\">\n\t\t\t\t\t\t<div class=\"elementor-element elementor-element-b5cf936 elementor-widget elementor-widget-text-editor\" data-id=\"b5cf936\" data-element_type=\"widget\" data-e-type=\"widget\" data-widget_type=\"text-editor.default\">\n\t\t\t\t<div class=\"elementor-widget-container\">\n\t\t\t\t\t\t\t\t\t<h1><span style=\"caret-color: #000000; color: #000000; font-family: inherit; font-size: 2.5rem; background-color: var( --e-global-color-309f04e6 );\">Preisliste f\u00fcr Musikunterricht in der Musikerfabrik Hannover<\/span><\/h1><p style=\"caret-color: #000000; color: #000000;\">Die hier angezeigten Geb\u00fchren sind Monatsbeitr\u00e4ge. Die Zeiten beziehen sich auf schulw\u00f6chentliche Treffen.\u00a0<\/p><p style=\"caret-color: #000000; color: #000000;\">Die Geb\u00fchr ist bei allen Pr\u00e4senzunterrichten, digitalen oder hybriden Unterrichtsformaten gleich.<\/p><p style=\"caret-color: #000000; color: #000000;\">Unsere Lehrkr\u00e4fte verf\u00fcgen \u00fcber eine berufliche Unterrichts-Qualifikation, ein Musikstudium oder eine au\u00dfergew\u00f6hnliche Expertise als Musiker.<\/p><h2><a href=\"https:\/\/www.musikerfabrik.de\/musikschule\/kindermusikschule-musikalische-frueerziehung\/\">Musikalische Fr\u00fcherziehung<\/a><\/h2><ul style=\"caret-color: #000000; color: #000000;\"><li>Musikalische Fr\u00fcherziehung f\u00fcr Kinder \u00a0 \u00a0 \u00a0 \u00a0 \u00a0 \u00a0 \u00a0 \u00a0 von 18 Monaten bis 4 Jahren (30 Min.): 33 \u20ac Monatsbeitrag<\/li><li>Musikalische Fr\u00fcherziehung mit Klaviertasten f\u00fcr Kinder von 4 &#8211; 6 \u00a0Jahren (45 Min.): 49,00 \u20ac Monatsbeitrag<\/li><\/ul><h2><a href=\"https:\/\/www.musikerfabrik.de\/foerderband-hannover\/singen-in-hannover-gesangsuntericht-pop-bands-und-choere\/\">Popchor Hannover<\/a><\/h2><ul style=\"caret-color: #000000; color: #000000;\"><li>Popchor &#8211; Fitness f\u00fcr die Seele (90 Min.): 29 \u20ac \u00a0Monatsbeitrag<\/li><\/ul><h2>Musik Kurse in Gruppen<\/h2><ul style=\"caret-color: #000000; color: #000000;\"><li>Kurse ab 3 Personen (45 Min.): 79 \u20ac Monatsbeitrag<\/li><\/ul><h2>Solounterricht\/Privatstunden<\/h2><ul style=\"caret-color: #000000; color: #000000;\"><li>Solo-Unterricht (30 Min.): \u00a0 \u00a0120 \u20ac Monatsbeitrag<\/li><li>Solo-Unterricht (45 Min.): \u00a0 \u00a0175 \u20ac Monatsbeitrag<\/li><\/ul><h2>Partnerunterricht zu zweit<\/h2><ul style=\"caret-color: #000000; color: #000000;\"><li>Partnerunterricht (30 Min.): \u00a0 79 \u20ac\u00a0Monatsbeitrag<\/li><li>Partnerunterricht (45 Min.): 119 \u20ac Monatsbeitrag<\/li><\/ul><h2 style=\"caret-color: #000000; color: #000000;\"><a href=\"https:\/\/www.musikerfabrik.de\/blog\/stunden-kontingente-zum-abfeiern-die-prepaid-card\/\">Prepaid Karten, 10er Karte, Gutscheine f\u00fcr Unterrichts-Kontingente<\/a><\/h2><p style=\"caret-color: #000000; color: #000000;\">Sie k\u00f6nnen bei uns flexibel nutzbare Unterrichts-Stunden-Kontingente auch in Form von Prepaidvertr\u00e4gen (ab 10erKarte) erwerben. Hierbei vereinbaren wir l\u00e4ngerfristig Unterrichtstermine, die nicht regelm\u00e4\u00dfig am gleichen Termin stattfinden m\u00fcssen &#8211; praktisch f\u00fcr Studenten und Schichtdienstler.<\/p><p style=\"caret-color: #000000; color: #000000;\">Die Prepaid-Karte auf der Basis von Solo-Unterrichts-Einheiten (30 Min.) kostet 440 \u20ac.<\/p><p><span style=\"caret-color: #000000; color: #000000; font-family: var( --e-global-typography-text-font-family ), Sans-serif; font-size: 1rem; background-color: var( --e-global-color-309f04e6 );\">F\u00fcr Fragen zu freien Unterrichtszeiten und Preisangeboten<\/span><span style=\"caret-color: #000000; color: #000000; font-family: var( --e-global-typography-text-font-family ), Sans-serif; font-size: 1rem; background-color: var( --e-global-color-309f04e6 );\">\u00a0<\/span><a style=\"caret-color: #000000; font-family: var( --e-global-typography-text-font-family ), Sans-serif; font-size: 1rem;\" href=\"https:\/\/www.musikerfabrik.de\/kontakt\/\" target=\"_blank\" rel=\"noopener noreferrer\">kannst du uns ganz einfach schreiben oder sprechen &#8211; klicke hier<\/a>\u00a0<\/p>\t\t\t\t\t\t\t\t<\/div>\n\t\t\t\t<\/div>\n\t\t\t\t\t<\/div>\n\t\t<\/div>\n\t\t\t\t\t<\/div>\n\t\t<\/section>\n\t\t\t\t<\/div>\n\t\t","protected":false},"excerpt":{"rendered":"<p>Preisliste f\u00fcr Musikunterricht in der Musikerfabrik Hannover Die hier angezeigten Geb\u00fchren sind Monatsbeitr\u00e4ge. Die Zeiten beziehen sich auf schulw\u00f6chentliche Treffen.\u00a0 Die Geb\u00fchr ist bei allen Pr\u00e4senzunterrichten, digitalen oder hybriden Unterrichtsformaten gleich. Unsere Lehrkr\u00e4fte verf\u00fcgen \u00fcber eine berufliche Unterrichts-Qualifikation, ein Musikstudium oder eine au\u00dfergew\u00f6hnliche Expertise als Musiker. Musikalische Fr\u00fcherziehung Musikalische Fr\u00fcherziehung f\u00fcr Kinder \u00a0 \u00a0 \u00a0 [&hellip;]<\/p>\n","protected":false},"author":2,"featured_media":0,"parent":0,"menu_order":0,"comment_status":"closed","ping_status":"closed","template":"","meta":{"content-type":"","jetpack_post_was_ever_published":false,"footnotes":""},"class_list":["post-4799","page","type-page","status-publish","hentry"],"jetpack_shortlink":"https:\/\/wp.me\/P51hCu-1fp","jetpack_sharing_enabled":true,"jetpack_likes_enabled":true,"_links":{"self":[{"href":"https:\/\/www.musikerfabrik.de\/foerderband-hannover\/wp-json\/wp\/v2\/pages\/4799","targetHints":{"allow":["GET"]}}],"collection":[{"href":"https:\/\/www.musikerfabrik.de\/foerderband-hannover\/wp-json\/wp\/v2\/pages"}],"about":[{"href":"https:\/\/www.musikerfabrik.de\/foerderband-hannover\/wp-json\/wp\/v2\/types\/page"}],"author":[{"embeddable":true,"href":"https:\/\/www.musikerfabrik.de\/foerderband-hannover\/wp-json\/wp\/v2\/users\/2"}],"replies":[{"embeddable":true,"href":"https:\/\/www.musikerfabrik.de\/foerderband-hannover\/wp-json\/wp\/v2\/comments?post=4799"}],"version-history":[{"count":37,"href":"https:\/\/www.musikerfabrik.de\/foerderband-hannover\/wp-json\/wp\/v2\/pages\/4799\/revisions"}],"predecessor-version":[{"id":5323,"href":"https:\/\/www.musikerfabrik.de\/foerderband-hannover\/wp-json\/wp\/v2\/pages\/4799\/revisions\/5323"}],"wp:attachment":[{"href":"https:\/\/www.musikerfabrik.de\/foerderband-hannover\/wp-json\/wp\/v2\/media?parent=4799"}],"curies":[{"name":"wp","href":"https:\/\/api.w.org\/{rel}","templated":true}]}}