{"id":4753,"date":"2021-09-13T10:23:12","date_gmt":"2021-09-13T08:23:12","guid":{"rendered":"https:\/\/www.musikerfabrik.de\/foerderband-hannover\/?page_id=4753"},"modified":"2021-11-08T14:59:14","modified_gmt":"2021-11-08T12:59:14","slug":"musikerfabrik-hannover-dozenten","status":"publish","type":"page","link":"https:\/\/www.musikerfabrik.de\/foerderband-hannover\/musikerfabrik-hannover-dozenten\/","title":{"rendered":"Musiklehrer in Hannover"},"content":{"rendered":"\t\t<div data-elementor-type=\"wp-page\" data-elementor-id=\"4753\" class=\"elementor elementor-4753\" data-elementor-post-type=\"page\">\n\t\t\t\t\t\t<section class=\"elementor-section elementor-top-section elementor-element elementor-element-828c0a6 elementor-section-boxed elementor-section-height-default elementor-section-height-default\" data-id=\"828c0a6\" data-element_type=\"section\" data-e-type=\"section\">\n\t\t\t\t\t\t<div class=\"elementor-container elementor-column-gap-default\">\n\t\t\t\t\t<div class=\"elementor-column elementor-col-100 elementor-top-column elementor-element elementor-element-709a717\" data-id=\"709a717\" data-element_type=\"column\" data-e-type=\"column\">\n\t\t\t<div class=\"elementor-widget-wrap elementor-element-populated\">\n\t\t\t\t\t\t<div class=\"elementor-element elementor-element-da2d31a gallery-spacing-custom elementor-widget elementor-widget-image-gallery\" data-id=\"da2d31a\" data-element_type=\"widget\" data-e-type=\"widget\" data-widget_type=\"image-gallery.default\">\n\t\t\t\t<div class=\"elementor-widget-container\">\n\t\t\t\t\t\t\t<div class=\"elementor-image-gallery\">\n\t\t\t<div id='gallery-1' class='gallery galleryid-4753 gallery-columns-3 gallery-size-medium_large'><figure class='gallery-item'>\n\t\t\t<div class='gallery-icon portrait'>\n\t\t\t\t<img fetchpriority=\"high\" decoding=\"async\" width=\"768\" height=\"772\" src=\"https:\/\/www.musikerfabrik.de\/foerderband-hannover\/wp-content\/uploads\/sites\/2\/2021\/09\/Jakob_Bruhns_Schlagzeuglehrer_Gitarrenlehrer_Klavierlehrer_Musikerfabrik_Hannover_Stendal_MusikschuleStendal_Foto_Domenik-Scharf_4-768x772.png\" class=\"attachment-medium_large size-medium_large\" alt=\"\" aria-describedby=\"gallery-1-4754\" srcset=\"https:\/\/www.musikerfabrik.de\/foerderband-hannover\/wp-content\/uploads\/sites\/2\/2021\/09\/Jakob_Bruhns_Schlagzeuglehrer_Gitarrenlehrer_Klavierlehrer_Musikerfabrik_Hannover_Stendal_MusikschuleStendal_Foto_Domenik-Scharf_4-768x772.png 768w, https:\/\/www.musikerfabrik.de\/foerderband-hannover\/wp-content\/uploads\/sites\/2\/2021\/09\/Jakob_Bruhns_Schlagzeuglehrer_Gitarrenlehrer_Klavierlehrer_Musikerfabrik_Hannover_Stendal_MusikschuleStendal_Foto_Domenik-Scharf_4-298x300.png 298w, https:\/\/www.musikerfabrik.de\/foerderband-hannover\/wp-content\/uploads\/sites\/2\/2021\/09\/Jakob_Bruhns_Schlagzeuglehrer_Gitarrenlehrer_Klavierlehrer_Musikerfabrik_Hannover_Stendal_MusikschuleStendal_Foto_Domenik-Scharf_4-1018x1024.png 1018w, https:\/\/www.musikerfabrik.de\/foerderband-hannover\/wp-content\/uploads\/sites\/2\/2021\/09\/Jakob_Bruhns_Schlagzeuglehrer_Gitarrenlehrer_Klavierlehrer_Musikerfabrik_Hannover_Stendal_MusikschuleStendal_Foto_Domenik-Scharf_4-150x150.png 150w, https:\/\/www.musikerfabrik.de\/foerderband-hannover\/wp-content\/uploads\/sites\/2\/2021\/09\/Jakob_Bruhns_Schlagzeuglehrer_Gitarrenlehrer_Klavierlehrer_Musikerfabrik_Hannover_Stendal_MusikschuleStendal_Foto_Domenik-Scharf_4-600x603.png 600w, https:\/\/www.musikerfabrik.de\/foerderband-hannover\/wp-content\/uploads\/sites\/2\/2021\/09\/Jakob_Bruhns_Schlagzeuglehrer_Gitarrenlehrer_Klavierlehrer_Musikerfabrik_Hannover_Stendal_MusikschuleStendal_Foto_Domenik-Scharf_4.png 1110w\" sizes=\"(max-width: 768px) 100vw, 768px\" \/>\n\t\t\t<\/div>\n\t\t\t\t<figcaption class='wp-caption-text gallery-caption' id='gallery-1-4754'>\n\t\t\t\tJakob Bruhn Gitarrenunterricht\n\t\t\t\t<\/figcaption><\/figure><figure class='gallery-item'>\n\t\t\t<div class='gallery-icon landscape'>\n\t\t\t\t<img decoding=\"async\" width=\"768\" height=\"768\" src=\"https:\/\/www.musikerfabrik.de\/foerderband-hannover\/wp-content\/uploads\/sites\/2\/2021\/09\/Jakob_Bruhns_Schlagzeuglehrer_Gitarrenlehrer_Klavierlehrer_Musikerfabrik_Hannover_Stendal_MusikschuleStendal_Foto_Domenik-Scharf_2-e1631521704693-768x768.jpg\" class=\"attachment-medium_large size-medium_large\" alt=\"\" aria-describedby=\"gallery-1-4755\" srcset=\"https:\/\/www.musikerfabrik.de\/foerderband-hannover\/wp-content\/uploads\/sites\/2\/2021\/09\/Jakob_Bruhns_Schlagzeuglehrer_Gitarrenlehrer_Klavierlehrer_Musikerfabrik_Hannover_Stendal_MusikschuleStendal_Foto_Domenik-Scharf_2-e1631521704693-768x768.jpg 768w, https:\/\/www.musikerfabrik.de\/foerderband-hannover\/wp-content\/uploads\/sites\/2\/2021\/09\/Jakob_Bruhns_Schlagzeuglehrer_Gitarrenlehrer_Klavierlehrer_Musikerfabrik_Hannover_Stendal_MusikschuleStendal_Foto_Domenik-Scharf_2-e1631521704693-300x300.jpg 300w, https:\/\/www.musikerfabrik.de\/foerderband-hannover\/wp-content\/uploads\/sites\/2\/2021\/09\/Jakob_Bruhns_Schlagzeuglehrer_Gitarrenlehrer_Klavierlehrer_Musikerfabrik_Hannover_Stendal_MusikschuleStendal_Foto_Domenik-Scharf_2-e1631521704693-1024x1024.jpg 1024w, https:\/\/www.musikerfabrik.de\/foerderband-hannover\/wp-content\/uploads\/sites\/2\/2021\/09\/Jakob_Bruhns_Schlagzeuglehrer_Gitarrenlehrer_Klavierlehrer_Musikerfabrik_Hannover_Stendal_MusikschuleStendal_Foto_Domenik-Scharf_2-e1631521704693-150x150.jpg 150w, https:\/\/www.musikerfabrik.de\/foerderband-hannover\/wp-content\/uploads\/sites\/2\/2021\/09\/Jakob_Bruhns_Schlagzeuglehrer_Gitarrenlehrer_Klavierlehrer_Musikerfabrik_Hannover_Stendal_MusikschuleStendal_Foto_Domenik-Scharf_2-e1631521704693-600x600.jpg 600w, https:\/\/www.musikerfabrik.de\/foerderband-hannover\/wp-content\/uploads\/sites\/2\/2021\/09\/Jakob_Bruhns_Schlagzeuglehrer_Gitarrenlehrer_Klavierlehrer_Musikerfabrik_Hannover_Stendal_MusikschuleStendal_Foto_Domenik-Scharf_2-e1631521704693.jpg 1299w\" sizes=\"(max-width: 768px) 100vw, 768px\" \/>\n\t\t\t<\/div>\n\t\t\t\t<figcaption class='wp-caption-text gallery-caption' id='gallery-1-4755'>\n\t\t\t\tJakob Bruhn Cajonkurs, Schlagzeugunterricht\n\t\t\t\t<\/figcaption><\/figure><figure class='gallery-item'>\n\t\t\t<div class='gallery-icon portrait'>\n\t\t\t\t<img decoding=\"async\" width=\"595\" height=\"720\" src=\"https:\/\/www.musikerfabrik.de\/foerderband-hannover\/wp-content\/uploads\/sites\/2\/2021\/09\/FrankWedel_Portrait_Musikerfabrik_Gospel_Kinder-e1703337143956.jpg\" class=\"attachment-medium_large size-medium_large\" alt=\"\" aria-describedby=\"gallery-1-4756\" srcset=\"https:\/\/www.musikerfabrik.de\/foerderband-hannover\/wp-content\/uploads\/sites\/2\/2021\/09\/FrankWedel_Portrait_Musikerfabrik_Gospel_Kinder-e1703337143956.jpg 595w, https:\/\/www.musikerfabrik.de\/foerderband-hannover\/wp-content\/uploads\/sites\/2\/2021\/09\/FrankWedel_Portrait_Musikerfabrik_Gospel_Kinder-e1703337143956-248x300.jpg 248w\" sizes=\"(max-width: 595px) 100vw, 595px\" \/>\n\t\t\t<\/div>\n\t\t\t\t<figcaption class='wp-caption-text gallery-caption' id='gallery-1-4756'>\n\t\t\t\tFrank Wedel Popchor, musikalische Fr\u00fcherziehung, Klavierbegleitung\n\t\t\t\t<\/figcaption><\/figure>\n\t\t<\/div>\n\t\t<\/div>\n\t\t\t\t\t\t<\/div>\n\t\t\t\t<\/div>\n\t\t\t\t\t<\/div>\n\t\t<\/div>\n\t\t\t\t\t<\/div>\n\t\t<\/section>\n\t\t\t\t<section class=\"elementor-section elementor-top-section elementor-element elementor-element-d4e1188 elementor-section-boxed elementor-section-height-default elementor-section-height-default\" data-id=\"d4e1188\" data-element_type=\"section\" data-e-type=\"section\">\n\t\t\t\t\t\t<div class=\"elementor-container elementor-column-gap-default\">\n\t\t\t\t\t<div class=\"elementor-column elementor-col-100 elementor-top-column elementor-element elementor-element-3cf74ec\" data-id=\"3cf74ec\" data-element_type=\"column\" data-e-type=\"column\">\n\t\t\t<div class=\"elementor-widget-wrap elementor-element-populated\">\n\t\t\t\t\t\t<div class=\"elementor-element elementor-element-a2340cd elementor-widget elementor-widget-text-editor\" data-id=\"a2340cd\" data-element_type=\"widget\" data-e-type=\"widget\" data-widget_type=\"text-editor.default\">\n\t\t\t\t<div class=\"elementor-widget-container\">\n\t\t\t\t\t\t\t\t\t<p>Im Geb\u00e4ude der Musikerfabrik Hannover kannst du w\u00f6chentliche Kurse buchen. Derzeit unterrichten vor Ort Jakob Bruhn und Frank Wedel. Dar\u00fcber hinaus vermitteln wir gern Privatstunden &#8211; auch auf 10erKarte &#8211; bei befreundeten <a href=\"https:\/\/www.musikerfabrik.de\/foerderband-hannover\/category\/people\/\">Kollegen aus unserem Netzwerk<\/a>.<\/p>\t\t\t\t\t\t\t\t<\/div>\n\t\t\t\t<\/div>\n\t\t\t\t\t<\/div>\n\t\t<\/div>\n\t\t\t\t\t<\/div>\n\t\t<\/section>\n\t\t\t\t<section class=\"elementor-section elementor-top-section elementor-element elementor-element-1b7771a elementor-section-boxed elementor-section-height-default elementor-section-height-default\" data-id=\"1b7771a\" data-element_type=\"section\" data-e-type=\"section\">\n\t\t\t\t\t\t<div class=\"elementor-container elementor-column-gap-default\">\n\t\t\t\t\t<div class=\"elementor-column elementor-col-100 elementor-top-column elementor-element elementor-element-4d561b6\" data-id=\"4d561b6\" data-element_type=\"column\" data-e-type=\"column\">\n\t\t\t<div class=\"elementor-widget-wrap elementor-element-populated\">\n\t\t\t\t\t\t<div class=\"elementor-element elementor-element-5e98b64 elementor-align-center elementor-widget elementor-widget-button\" data-id=\"5e98b64\" data-element_type=\"widget\" data-e-type=\"widget\" data-widget_type=\"button.default\">\n\t\t\t\t<div class=\"elementor-widget-container\">\n\t\t\t\t\t\t\t\t\t<div class=\"elementor-button-wrapper\">\n\t\t\t\t\t<a class=\"elementor-button elementor-button-link elementor-size-md\" href=\"http:\/\/www.musikerfabrik.de\/foerderband-hannover\/kontakt\">\n\t\t\t\t\t\t<span class=\"elementor-button-content-wrapper\">\n\t\t\t\t\t\t\t\t\t<span class=\"elementor-button-text\">Anfrage senden<\/span>\n\t\t\t\t\t<\/span>\n\t\t\t\t\t<\/a>\n\t\t\t\t<\/div>\n\t\t\t\t\t\t\t\t<\/div>\n\t\t\t\t<\/div>\n\t\t\t\t\t<\/div>\n\t\t<\/div>\n\t\t\t\t\t<\/div>\n\t\t<\/section>\n\t\t\t\t<\/div>\n\t\t","protected":false},"excerpt":{"rendered":"<p>Jakob Bruhn Gitarrenunterricht Jakob Bruhn Cajonkurs, Schlagzeugunterricht Frank Wedel Popchor, musikalische Fr\u00fcherziehung, Klavierbegleitung Im Geb\u00e4ude der Musikerfabrik Hannover kannst du w\u00f6chentliche Kurse buchen. Derzeit unterrichten vor Ort Jakob Bruhn und Frank Wedel. Dar\u00fcber hinaus vermitteln wir gern Privatstunden &#8211; auch auf 10erKarte &#8211; bei befreundeten Kollegen aus unserem Netzwerk. Anfrage senden<\/p>\n","protected":false},"author":2,"featured_media":0,"parent":0,"menu_order":0,"comment_status":"closed","ping_status":"closed","template":"","meta":{"content-type":"","jetpack_post_was_ever_published":false,"footnotes":""},"class_list":["post-4753","page","type-page","status-publish","hentry"],"jetpack_shortlink":"https:\/\/wp.me\/P51hCu-1eF","jetpack_sharing_enabled":true,"jetpack_likes_enabled":true,"_links":{"self":[{"href":"https:\/\/www.musikerfabrik.de\/foerderband-hannover\/wp-json\/wp\/v2\/pages\/4753","targetHints":{"allow":["GET"]}}],"collection":[{"href":"https:\/\/www.musikerfabrik.de\/foerderband-hannover\/wp-json\/wp\/v2\/pages"}],"about":[{"href":"https:\/\/www.musikerfabrik.de\/foerderband-hannover\/wp-json\/wp\/v2\/types\/page"}],"author":[{"embeddable":true,"href":"https:\/\/www.musikerfabrik.de\/foerderband-hannover\/wp-json\/wp\/v2\/users\/2"}],"replies":[{"embeddable":true,"href":"https:\/\/www.musikerfabrik.de\/foerderband-hannover\/wp-json\/wp\/v2\/comments?post=4753"}],"version-history":[{"count":32,"href":"https:\/\/www.musikerfabrik.de\/foerderband-hannover\/wp-json\/wp\/v2\/pages\/4753\/revisions"}],"predecessor-version":[{"id":4793,"href":"https:\/\/www.musikerfabrik.de\/foerderband-hannover\/wp-json\/wp\/v2\/pages\/4753\/revisions\/4793"}],"wp:attachment":[{"href":"https:\/\/www.musikerfabrik.de\/foerderband-hannover\/wp-json\/wp\/v2\/media?parent=4753"}],"curies":[{"name":"wp","href":"https:\/\/api.w.org\/{rel}","templated":true}]}}