{"id":4538,"date":"2021-05-11T13:13:10","date_gmt":"2021-05-11T11:13:10","guid":{"rendered":"https:\/\/www.musikerfabrik.de\/foerderband-hannover\/?page_id=4538"},"modified":"2026-03-01T21:28:20","modified_gmt":"2026-03-01T19:28:20","slug":"kontakt","status":"publish","type":"page","link":"https:\/\/www.musikerfabrik.de\/foerderband-hannover\/kontakt\/","title":{"rendered":"Kontakt"},"content":{"rendered":"\t\t<div data-elementor-type=\"wp-page\" data-elementor-id=\"4538\" class=\"elementor elementor-4538\" data-elementor-post-type=\"page\">\n\t\t\t\t\t\t<section class=\"elementor-section elementor-top-section elementor-element elementor-element-abc3b57 elementor-section-boxed elementor-section-height-default elementor-section-height-default\" data-id=\"abc3b57\" data-element_type=\"section\" data-e-type=\"section\">\n\t\t\t\t\t\t<div class=\"elementor-container elementor-column-gap-default\">\n\t\t\t\t\t<div class=\"elementor-column elementor-col-100 elementor-top-column elementor-element elementor-element-8b877c9\" data-id=\"8b877c9\" data-element_type=\"column\" data-e-type=\"column\">\n\t\t\t<div class=\"elementor-widget-wrap elementor-element-populated\">\n\t\t\t\t\t\t<div class=\"elementor-element elementor-element-55a573b elementor-widget elementor-widget-image\" data-id=\"55a573b\" data-element_type=\"widget\" data-e-type=\"widget\" data-widget_type=\"image.default\">\n\t\t\t\t<div class=\"elementor-widget-container\">\n\t\t\t\t\t\t\t\t\t\t\t\t\t\t\t<img fetchpriority=\"high\" decoding=\"async\" width=\"800\" height=\"619\" src=\"https:\/\/www.musikerfabrik.de\/foerderband-hannover\/wp-content\/uploads\/sites\/2\/2024\/12\/Frank-Wedel-talking-lachen-Buehne-Gospelworkshop-Havelberg-e1734971651511-1024x792.jpg\" class=\"attachment-large size-large wp-image-5519\" alt=\"Frank Wedel\" srcset=\"https:\/\/www.musikerfabrik.de\/foerderband-hannover\/wp-content\/uploads\/sites\/2\/2024\/12\/Frank-Wedel-talking-lachen-Buehne-Gospelworkshop-Havelberg-e1734971651511-1024x792.jpg 1024w, https:\/\/www.musikerfabrik.de\/foerderband-hannover\/wp-content\/uploads\/sites\/2\/2024\/12\/Frank-Wedel-talking-lachen-Buehne-Gospelworkshop-Havelberg-e1734971651511-300x232.jpg 300w, https:\/\/www.musikerfabrik.de\/foerderband-hannover\/wp-content\/uploads\/sites\/2\/2024\/12\/Frank-Wedel-talking-lachen-Buehne-Gospelworkshop-Havelberg-e1734971651511-768x594.jpg 768w, https:\/\/www.musikerfabrik.de\/foerderband-hannover\/wp-content\/uploads\/sites\/2\/2024\/12\/Frank-Wedel-talking-lachen-Buehne-Gospelworkshop-Havelberg-e1734971651511.jpg 1536w\" sizes=\"(max-width: 800px) 100vw, 800px\" \/>\t\t\t\t\t\t\t\t\t\t\t\t\t\t\t<\/div>\n\t\t\t\t<\/div>\n\t\t\t\t\t<\/div>\n\t\t<\/div>\n\t\t\t\t\t<\/div>\n\t\t<\/section>\n\t\t\t\t<section class=\"elementor-section elementor-top-section elementor-element elementor-element-0303a61 elementor-section-boxed elementor-section-height-default elementor-section-height-default\" data-id=\"0303a61\" data-element_type=\"section\" data-e-type=\"section\">\n\t\t\t\t\t\t<div class=\"elementor-container elementor-column-gap-default\">\n\t\t\t\t\t<div class=\"elementor-column elementor-col-100 elementor-top-column elementor-element elementor-element-13405d9\" data-id=\"13405d9\" data-element_type=\"column\" data-e-type=\"column\">\n\t\t\t<div class=\"elementor-widget-wrap elementor-element-populated\">\n\t\t\t\t\t\t<div class=\"elementor-element elementor-element-75836be elementor-widget elementor-widget-text-editor\" data-id=\"75836be\" data-element_type=\"widget\" data-e-type=\"widget\" data-widget_type=\"text-editor.default\">\n\t\t\t\t<div class=\"elementor-widget-container\">\n\t\t\t\t\t\t\t\t\t<p style=\"caret-color: #808080; color: #808080; font-family: 'Open Sans', sans-serif; text-align: center;\"><strong>Wir sind telefonisch erreichbar 7:30 &#8211; 16:30 Uhr<\/strong><\/p>\n<h2 style=\"caret-color: #808080; color: #808080; font-family: 'Open Sans', sans-serif; text-align: center;\">+49511-51545434<\/h2>\n<p style=\"caret-color: #808080; color: #808080; font-family: 'Open Sans', sans-serif; text-align: center;\"><strong>Im Chat antworten wir t\u00e4glich von 7:00 &#8211; 21:30 Uhr<\/strong><\/p>\n<p style=\"caret-color: #808080; color: #808080; font-family: 'Open Sans', sans-serif; text-align: center;\">Und sollten wir doch einmal nicht online sein, beantworten wir deinen Chat umgehend per Email.<\/p>\t\t\t\t\t\t\t\t<\/div>\n\t\t\t\t<\/div>\n\t\t\t\t\t<\/div>\n\t\t<\/div>\n\t\t\t\t\t<\/div>\n\t\t<\/section>\n\t\t\t\t<section class=\"elementor-section elementor-top-section elementor-element elementor-element-40c83ca elementor-section-boxed elementor-section-height-default elementor-section-height-default\" data-id=\"40c83ca\" data-element_type=\"section\" data-e-type=\"section\">\n\t\t\t\t\t\t<div class=\"elementor-container elementor-column-gap-default\">\n\t\t\t\t\t<div class=\"elementor-column elementor-col-100 elementor-top-column elementor-element elementor-element-5e0271e\" data-id=\"5e0271e\" data-element_type=\"column\" data-e-type=\"column\">\n\t\t\t<div class=\"elementor-widget-wrap elementor-element-populated\">\n\t\t\t\t\t\t<div class=\"elementor-element elementor-element-7a664bd elementor-widget elementor-widget-text-editor\" data-id=\"7a664bd\" data-element_type=\"widget\" data-e-type=\"widget\" data-widget_type=\"text-editor.default\">\n\t\t\t\t<div class=\"elementor-widget-container\">\n\t\t\t\t\t\t\t\t\t<p style=\"text-align: center;\"><strong>Vielleicht kennen wir uns aber noch gar nicht &#8230; <\/strong><\/p>\n<p style=\"text-align: center;\">dann bitten wir dich um Email und R\u00fcckrufnummer und du kannst hier beschreiben, was dein Anliegen oder deine Frage ist.<\/p>\n<p style=\"text-align: center;\">Wenn es um eine Kursanfrage geht, erg\u00e4nze doch bitte noch, welche Zeitfenster in normalen Wochen bereits belegt sind.<\/p>\n<script charset=\"utf-8\" type=\"text\/javascript\" src=\"\/\/js.hsforms.net\/forms\/shell.js\"><\/script>\n<script>\n  hbspt.forms.create({\n\tportalId: \"5323827\",\n\tformId: \"77df4a9a-98ef-4c0a-8852-bda7b4853841\"\n});\n<\/script>\t\t\t\t\t\t\t\t<\/div>\n\t\t\t\t<\/div>\n\t\t\t\t\t<\/div>\n\t\t<\/div>\n\t\t\t\t\t<\/div>\n\t\t<\/section>\n\t\t\t\t<section class=\"elementor-section elementor-top-section elementor-element elementor-element-a15a155 elementor-section-boxed elementor-section-height-default elementor-section-height-default\" data-id=\"a15a155\" data-element_type=\"section\" data-e-type=\"section\">\n\t\t\t\t\t\t<div class=\"elementor-container elementor-column-gap-default\">\n\t\t\t\t\t<div class=\"elementor-column elementor-col-100 elementor-top-column elementor-element elementor-element-641b1c1\" data-id=\"641b1c1\" data-element_type=\"column\" data-e-type=\"column\">\n\t\t\t<div class=\"elementor-widget-wrap elementor-element-populated\">\n\t\t\t\t\t\t<div class=\"elementor-element elementor-element-ea9ab9c elementor-widget elementor-widget-text-editor\" data-id=\"ea9ab9c\" data-element_type=\"widget\" data-e-type=\"widget\" data-widget_type=\"text-editor.default\">\n\t\t\t\t<div class=\"elementor-widget-container\">\n\t\t\t\t\t\t\t\t\t<p style=\"text-align: center;\"><b>Frank Wedel leitet die Musikerfabrik und hat immer ein offenes Ohr f\u00fcr Auftrittsideen, Mitarbeiter, Sch\u00fcler und Teilnehmer, Elterninitiativen und Verbesserungsvorschl\u00e4ge jeder Art.\nIn ganz dringenden F\u00e4llen bitte gleich anrufen und verbinden lassen. In allen anderen F\u00e4llen k\u00f6nnen wir einen Gespr\u00e4chstermin in aller Ruhe ausmachen \u00fcber diesen Onlinekalender hier:<\/b>\n<!-- Calendly Inline-Widget Beginn --><\/p>\n\n<div class=\"calendly-inline-widget\" style=\"min-width: 320px; height: 700px;\" data-url=\"https:\/\/calendly.com\/frankwedel\/telefonieren-15\"><\/div>\n<p style=\"text-align: center;\"><script type=\"text\/javascript\" src=\"https:\/\/assets.calendly.com\/assets\/external\/widget.js\" async=\"\"><\/script>\n<!-- Calendly Inline-Widget Ende -->\n<strong>Auch ein Treffen vor Ort l\u00e4sst sich auf diese Art und Weise organisieren:\n<!-- Calendly Inline-Widget Beginn --><\/strong><\/p>\n\n<div class=\"calendly-inline-widget\" style=\"min-width: 320px; height: 700px;\" data-url=\"https:\/\/calendly.com\/frankwedel\/treffen-hannover-45\"><\/div>\n<script type=\"text\/javascript\" src=\"https:\/\/assets.calendly.com\/assets\/external\/widget.js\" async><\/script>\n<!-- Calendly Inline-Widget Ende -->\t\t\t\t\t\t\t\t<\/div>\n\t\t\t\t<\/div>\n\t\t\t\t\t<\/div>\n\t\t<\/div>\n\t\t\t\t\t<\/div>\n\t\t<\/section>\n\t\t\t\t<section class=\"elementor-section elementor-top-section elementor-element elementor-element-05d8fe9 elementor-section-boxed elementor-section-height-default elementor-section-height-default\" data-id=\"05d8fe9\" data-element_type=\"section\" data-e-type=\"section\">\n\t\t\t\t\t\t<div class=\"elementor-container elementor-column-gap-default\">\n\t\t\t\t\t<div class=\"elementor-column elementor-col-100 elementor-top-column elementor-element elementor-element-b4a5b83\" data-id=\"b4a5b83\" data-element_type=\"column\" data-e-type=\"column\">\n\t\t\t<div class=\"elementor-widget-wrap elementor-element-populated\">\n\t\t\t\t\t\t<div class=\"elementor-element elementor-element-0be332a elementor-widget elementor-widget-google_maps\" data-id=\"0be332a\" data-element_type=\"widget\" data-e-type=\"widget\" data-widget_type=\"google_maps.default\">\n\t\t\t\t<div class=\"elementor-widget-container\">\n\t\t\t\t\t\t\t<div class=\"elementor-custom-embed\">\n\t\t\t<iframe loading=\"lazy\"\n\t\t\t\t\tsrc=\"https:\/\/maps.google.com\/maps?q=Musikerfabrik%20Hannover%20F%C3%B6rderband&#038;t=m&#038;z=11&#038;output=embed&#038;iwloc=near\"\n\t\t\t\t\ttitle=\"Musikerfabrik Hannover F\u00f6rderband\"\n\t\t\t\t\taria-label=\"Musikerfabrik Hannover F\u00f6rderband\"\n\t\t\t><\/iframe>\n\t\t<\/div>\n\t\t\t\t\t\t<\/div>\n\t\t\t\t<\/div>\n\t\t\t\t\t<\/div>\n\t\t<\/div>\n\t\t\t\t\t<\/div>\n\t\t<\/section>\n\t\t\t\t<section class=\"elementor-section elementor-top-section elementor-element elementor-element-2de4740 elementor-section-boxed elementor-section-height-default elementor-section-height-default\" data-id=\"2de4740\" data-element_type=\"section\" data-e-type=\"section\">\n\t\t\t\t\t\t<div class=\"elementor-container elementor-column-gap-default\">\n\t\t\t\t\t<div class=\"elementor-column elementor-col-100 elementor-top-column elementor-element elementor-element-2d0368e\" data-id=\"2d0368e\" data-element_type=\"column\" data-e-type=\"column\">\n\t\t\t<div class=\"elementor-widget-wrap elementor-element-populated\">\n\t\t\t\t\t\t<div class=\"elementor-element elementor-element-b1dc80f elementor-widget elementor-widget-text-editor\" data-id=\"b1dc80f\" data-element_type=\"widget\" data-e-type=\"widget\" data-widget_type=\"text-editor.default\">\n\t\t\t\t<div class=\"elementor-widget-container\">\n\t\t\t\t\t\t\t\t\t<p style=\"caret-color: #000000; color: #000000;\"><strong>Anfahrt mit \u00f6ffentlichen Verkehrsmitteln:&nbsp;<\/strong><\/p>\n<p style=\"caret-color: #000000; color: #000000;\">Ubahn: Lister Platz \/ Bus Haltestelle &#8222;Lister Turm&#8220;<\/p>\n<p style=\"caret-color: #000000; color: #000000;\">Ausgehend vom Hauptbahnhof findest du die Ubahnen, wenn du dich in mittleren Shopping-Mall Richtung Sparkassen-Symbol oder Backfactory orientierst.<\/p>\n<p style=\"caret-color: #000000; color: #000000;\">Du nimmst am &#8222;Lidl&#8220; die rechte Rolltreppe und unten dann das linke Gleis.<\/p>\n<p style=\"caret-color: #000000; color: #000000;\">Es fahren die<strong>&nbsp;Linien 9<\/strong>&nbsp;(Richtung Fasanenkrug),<strong>&nbsp;7<\/strong>&nbsp;(Richtung Hannover Miesburg) oder&nbsp;<strong>3<\/strong>&nbsp;(Richtung Hannover Altwarmb\u00fcchen) zur&nbsp;<strong>Zielhaltestelle &#8222;Lister Turm&#8220;<\/strong>. Dazu ben\u00f6tigst du h\u00f6chstens 5 Minuten.<\/p>\t\t\t\t\t\t\t\t<\/div>\n\t\t\t\t<\/div>\n\t\t\t\t\t<\/div>\n\t\t<\/div>\n\t\t\t\t\t<\/div>\n\t\t<\/section>\n\t\t\t\t<\/div>\n\t\t","protected":false},"excerpt":{"rendered":"<p>Wir sind telefonisch erreichbar 7:30 &#8211; 16:30 Uhr +49511-51545434 Im Chat antworten wir t\u00e4glich von 7:00 &#8211; 21:30 Uhr Und sollten wir doch einmal nicht online sein, beantworten wir deinen Chat umgehend per Email. Vielleicht kennen wir uns aber noch gar nicht &#8230; dann bitten wir dich um Email und R\u00fcckrufnummer und du kannst hier [&hellip;]<\/p>\n","protected":false},"author":2,"featured_media":0,"parent":0,"menu_order":0,"comment_status":"closed","ping_status":"closed","template":"","meta":{"_acf_changed":false,"content-type":"","footnotes":""},"class_list":["post-4538","page","type-page","status-publish","hentry"],"acf":[],"jetpack_shortlink":"https:\/\/wp.me\/P51hCu-1bc","jetpack_sharing_enabled":true,"jetpack_likes_enabled":true,"_links":{"self":[{"href":"https:\/\/www.musikerfabrik.de\/foerderband-hannover\/wp-json\/wp\/v2\/pages\/4538","targetHints":{"allow":["GET"]}}],"collection":[{"href":"https:\/\/www.musikerfabrik.de\/foerderband-hannover\/wp-json\/wp\/v2\/pages"}],"about":[{"href":"https:\/\/www.musikerfabrik.de\/foerderband-hannover\/wp-json\/wp\/v2\/types\/page"}],"author":[{"embeddable":true,"href":"https:\/\/www.musikerfabrik.de\/foerderband-hannover\/wp-json\/wp\/v2\/users\/2"}],"replies":[{"embeddable":true,"href":"https:\/\/www.musikerfabrik.de\/foerderband-hannover\/wp-json\/wp\/v2\/comments?post=4538"}],"version-history":[{"count":71,"href":"https:\/\/www.musikerfabrik.de\/foerderband-hannover\/wp-json\/wp\/v2\/pages\/4538\/revisions"}],"predecessor-version":[{"id":5652,"href":"https:\/\/www.musikerfabrik.de\/foerderband-hannover\/wp-json\/wp\/v2\/pages\/4538\/revisions\/5652"}],"wp:attachment":[{"href":"https:\/\/www.musikerfabrik.de\/foerderband-hannover\/wp-json\/wp\/v2\/media?parent=4538"}],"curies":[{"name":"wp","href":"https:\/\/api.w.org\/{rel}","templated":true}]}}