{"id":3195,"date":"2017-10-13T20:24:32","date_gmt":"2017-10-13T18:24:32","guid":{"rendered":"http:\/\/www.musikerfabrik.de\/foerderband-hannover\/?page_id=3195"},"modified":"2021-10-30T10:30:51","modified_gmt":"2021-10-30T08:30:51","slug":"events","status":"publish","type":"page","link":"https:\/\/www.musikerfabrik.de\/foerderband-hannover\/events\/","title":{"rendered":"Events"},"content":{"rendered":"<h1>Musikerfabrik Hannover &#8211; Veranstaltungen vor Ort<\/h1>\n<h3 style=\"padding-left: 30px;\">Wir freuen uns, wenn Veranstaltungen von uns und unseren K\u00fcnstlerkollegen gut besucht werden. Du kannst aktiv zum Erhalt von Musikprojekten und Spielst\u00e4tten beitragen, in dem du Beitr\u00e4ge und Links weiter teilst in deinen Netzwerken!<\/h3>\n<p style=\"text-align: left; padding-left: 30px;\"><span class=\"cb-button cb-brown cb-big cb-none\"><a href=\"https:\/\/www.facebook.com\/pg\/foerderbandhannover\/events\" target=\"_blank\" rel=\"follow noopener\">Alle Veranstaltungen der Musikerfabrik im Raum Hannover gibt&#8217;s hier<\/a><\/span><\/p>\n<p style=\"padding-left: 30px;\">\n","protected":false},"excerpt":{"rendered":"<p>Musikerfabrik Hannover &#8211; Veranstaltungen vor Ort Wir freuen uns, wenn Veranstaltungen von uns und unseren K\u00fcnstlerkollegen gut besucht werden. Du kannst aktiv zum Erhalt von Musikprojekten und Spielst\u00e4tten beitragen, in dem du Beitr\u00e4ge und Links weiter teilst in deinen Netzwerken!<\/p>\n","protected":false},"author":2,"featured_media":2930,"parent":0,"menu_order":0,"comment_status":"closed","ping_status":"closed","template":"","meta":{"content-type":"","jetpack_post_was_ever_published":false,"footnotes":""},"class_list":["post-3195","page","type-page","status-publish","has-post-thumbnail","hentry"],"jetpack_shortlink":"https:\/\/wp.me\/P51hCu-Px","jetpack_sharing_enabled":true,"jetpack_likes_enabled":true,"_links":{"self":[{"href":"https:\/\/www.musikerfabrik.de\/foerderband-hannover\/wp-json\/wp\/v2\/pages\/3195","targetHints":{"allow":["GET"]}}],"collection":[{"href":"https:\/\/www.musikerfabrik.de\/foerderband-hannover\/wp-json\/wp\/v2\/pages"}],"about":[{"href":"https:\/\/www.musikerfabrik.de\/foerderband-hannover\/wp-json\/wp\/v2\/types\/page"}],"author":[{"embeddable":true,"href":"https:\/\/www.musikerfabrik.de\/foerderband-hannover\/wp-json\/wp\/v2\/users\/2"}],"replies":[{"embeddable":true,"href":"https:\/\/www.musikerfabrik.de\/foerderband-hannover\/wp-json\/wp\/v2\/comments?post=3195"}],"version-history":[{"count":5,"href":"https:\/\/www.musikerfabrik.de\/foerderband-hannover\/wp-json\/wp\/v2\/pages\/3195\/revisions"}],"predecessor-version":[{"id":4787,"href":"https:\/\/www.musikerfabrik.de\/foerderband-hannover\/wp-json\/wp\/v2\/pages\/3195\/revisions\/4787"}],"wp:featuredmedia":[{"embeddable":true,"href":"https:\/\/www.musikerfabrik.de\/foerderband-hannover\/wp-json\/wp\/v2\/media\/2930"}],"wp:attachment":[{"href":"https:\/\/www.musikerfabrik.de\/foerderband-hannover\/wp-json\/wp\/v2\/media?parent=3195"}],"curies":[{"name":"wp","href":"https:\/\/api.w.org\/{rel}","templated":true}]}}