{"id":2880,"date":"2017-07-07T13:44:48","date_gmt":"2017-07-07T11:44:48","guid":{"rendered":"http:\/\/www.musikerfabrik.de\/foerderband-hannover\/?page_id=2880"},"modified":"2025-01-02T14:27:17","modified_gmt":"2025-01-02T12:27:17","slug":"singen-in-hannover-gesangsuntericht-pop-bands-und-choere","status":"publish","type":"page","link":"https:\/\/www.musikerfabrik.de\/foerderband-hannover\/singen-in-hannover-gesangsuntericht-pop-bands-und-choere\/","title":{"rendered":"Singen in Hannover &#8211; von Kleinkinderkurs bis Popchor Hannover"},"content":{"rendered":"\t\t<div data-elementor-type=\"wp-page\" data-elementor-id=\"2880\" class=\"elementor elementor-2880\" data-elementor-post-type=\"page\">\n\t\t\t\t\t\t<section class=\"elementor-section elementor-top-section elementor-element elementor-element-5023a37 elementor-section-boxed elementor-section-height-default elementor-section-height-default\" data-id=\"5023a37\" data-element_type=\"section\" data-e-type=\"section\">\n\t\t\t\t\t\t<div class=\"elementor-container elementor-column-gap-default\">\n\t\t\t\t\t<div class=\"elementor-column elementor-col-100 elementor-top-column elementor-element elementor-element-36a587f\" data-id=\"36a587f\" data-element_type=\"column\" data-e-type=\"column\">\n\t\t\t<div class=\"elementor-widget-wrap elementor-element-populated\">\n\t\t\t\t\t\t<div class=\"elementor-element elementor-element-7f0f80f elementor--h-position-center elementor--v-position-middle elementor-arrows-position-inside elementor-pagination-position-inside elementor-widget elementor-widget-slides\" data-id=\"7f0f80f\" data-element_type=\"widget\" data-e-type=\"widget\" data-settings=\"{&quot;autoplay_speed&quot;:2050,&quot;transition&quot;:&quot;fade&quot;,&quot;transition_speed&quot;:604,&quot;navigation&quot;:&quot;both&quot;,&quot;autoplay&quot;:&quot;yes&quot;,&quot;pause_on_hover&quot;:&quot;yes&quot;,&quot;pause_on_interaction&quot;:&quot;yes&quot;,&quot;infinite&quot;:&quot;yes&quot;}\" data-widget_type=\"slides.default\">\n\t\t\t\t<div class=\"elementor-widget-container\">\n\t\t\t\t\t\t\t\t\t<div class=\"elementor-swiper\">\n\t\t\t\t\t<div class=\"elementor-slides-wrapper elementor-main-swiper swiper\" role=\"region\" aria-roledescription=\"carousel\" aria-label=\"Slider\" dir=\"ltr\" data-animation=\"fadeInUp\">\n\t\t\t\t<div class=\"swiper-wrapper elementor-slides\">\n\t\t\t\t\t\t\t\t\t\t<div class=\"elementor-repeater-item-8c7a361 swiper-slide\" role=\"group\" aria-roledescription=\"slide\"><div class=\"swiper-slide-bg\" role=\"img\" aria-label=\"2412-happy-new-year-musikerfabrik-frank-wedel2.png\"><\/div><a class=\"swiper-slide-inner\" href=\"https:\/\/www.musikerfabrik.de\/gesang\/\"><div class=\"swiper-slide-contents\"><\/div><\/a><\/div><div class=\"elementor-repeater-item-6a0482c swiper-slide\" role=\"group\" aria-roledescription=\"slide\"><div class=\"swiper-slide-bg\" role=\"img\" aria-label=\"2412-happy-new-year-musikerfabrik-frank-wedel3.png\"><\/div><a class=\"swiper-slide-inner\" href=\"https:\/\/www.musikerfabrik.de\/musikschule\/musikalische-frueherziehung-stendal%20\"><div class=\"swiper-slide-contents\"><\/div><\/a><\/div><div class=\"elementor-repeater-item-6f8d915 swiper-slide\" role=\"group\" aria-roledescription=\"slide\"><div class=\"swiper-slide-bg\" role=\"img\" aria-label=\"2412-happy-new-year-musikerfabrik-frank-wedel1.png\"><\/div><a class=\"swiper-slide-inner\" href=\"https:\/\/www.musikerfabrik.de\/\"><div class=\"swiper-slide-contents\"><\/div><\/a><\/div><div class=\"elementor-repeater-item-c636665 swiper-slide\" role=\"group\" aria-roledescription=\"slide\"><div class=\"swiper-slide-bg\" role=\"img\" aria-label=\"2412-happy-new-year-musikerfabrik-frank-wedel4.png\"><\/div><a class=\"swiper-slide-inner\" href=\"http:\/\/www.musikerfabrik.de\/kontakt%20\"><div class=\"swiper-slide-contents\"><\/div><\/a><\/div>\t\t\t\t<\/div>\n\t\t\t\t\t\t\t\t\t\t\t\t\t\t\t<div class=\"elementor-swiper-button elementor-swiper-button-prev\" role=\"button\" tabindex=\"0\" aria-label=\"Vorheriger Slide\">\n\t\t\t\t\t\t\t<svg aria-hidden=\"true\" class=\"e-font-icon-svg e-eicon-chevron-left\" viewBox=\"0 0 1000 1000\" xmlns=\"http:\/\/www.w3.org\/2000\/svg\"><path d=\"M646 125C629 125 613 133 604 142L308 442C296 454 292 471 292 487 292 504 296 521 308 533L604 854C617 867 629 875 646 875 663 875 679 871 692 858 704 846 713 829 713 812 713 796 708 779 692 767L438 487 692 225C700 217 708 204 708 187 708 171 704 154 692 142 675 129 663 125 646 125Z\"><\/path><\/svg>\t\t\t\t\t\t<\/div>\n\t\t\t\t\t\t<div class=\"elementor-swiper-button elementor-swiper-button-next\" role=\"button\" tabindex=\"0\" aria-label=\"N\u00e4chster Slide\">\n\t\t\t\t\t\t\t<svg aria-hidden=\"true\" class=\"e-font-icon-svg e-eicon-chevron-right\" viewBox=\"0 0 1000 1000\" xmlns=\"http:\/\/www.w3.org\/2000\/svg\"><path d=\"M696 533C708 521 713 504 713 487 713 471 708 454 696 446L400 146C388 133 375 125 354 125 338 125 325 129 313 142 300 154 292 171 292 187 292 204 296 221 308 233L563 492 304 771C292 783 288 800 288 817 288 833 296 850 308 863 321 871 338 875 354 875 371 875 388 867 400 854L696 533Z\"><\/path><\/svg>\t\t\t\t\t\t<\/div>\n\t\t\t\t\t\t\t\t\t\t\t\t\t\t\t\t<div class=\"swiper-pagination\"><\/div>\n\t\t\t\t\t\t\t\t\t\t\t\t<\/div>\n\t\t\t\t<\/div>\n\t\t\t\t\t\t\t\t<\/div>\n\t\t\t\t<\/div>\n\t\t\t\t\t<\/div>\n\t\t<\/div>\n\t\t\t\t\t<\/div>\n\t\t<\/section>\n\t\t\t\t<section class=\"elementor-section elementor-top-section elementor-element elementor-element-5598fb18 elementor-section-boxed elementor-section-height-default elementor-section-height-default\" data-id=\"5598fb18\" data-element_type=\"section\" data-e-type=\"section\">\n\t\t\t\t\t\t<div class=\"elementor-container elementor-column-gap-default\">\n\t\t\t\t\t<div class=\"elementor-column elementor-col-100 elementor-top-column elementor-element elementor-element-3a2227a8\" data-id=\"3a2227a8\" data-element_type=\"column\" data-e-type=\"column\">\n\t\t\t<div class=\"elementor-widget-wrap elementor-element-populated\">\n\t\t\t\t\t\t<div class=\"elementor-element elementor-element-ef7156a elementor-widget elementor-widget-heading\" data-id=\"ef7156a\" data-element_type=\"widget\" data-e-type=\"widget\" data-widget_type=\"heading.default\">\n\t\t\t\t<div class=\"elementor-widget-container\">\n\t\t\t\t\t<h1 class=\"elementor-heading-title elementor-size-xxl\"><a href=\"http:\/\/www.musikerfabrik.de\/foerderband-hannover\/kontakt%20\">Bei uns kannst du einfach singen! <\/a><\/h1>\t\t\t\t<\/div>\n\t\t\t\t<\/div>\n\t\t\t\t<div class=\"elementor-element elementor-element-110e180 elementor-widget elementor-widget-image\" data-id=\"110e180\" data-element_type=\"widget\" data-e-type=\"widget\" data-widget_type=\"image.default\">\n\t\t\t\t<div class=\"elementor-widget-container\">\n\t\t\t\t\t\t\t\t\t\t\t\t<figure class=\"wp-caption\">\n\t\t\t\t\t\t\t\t\t\t<img fetchpriority=\"high\" decoding=\"async\" width=\"3936\" height=\"2624\" src=\"https:\/\/www.musikerfabrik.de\/foerderband-hannover\/wp-content\/uploads\/sites\/2\/2015\/11\/IMG-0034.jpg\" class=\"attachment-full size-full wp-image-1946\" alt=\"Singen in der Musikerfabrik Hannover\" srcset=\"https:\/\/www.musikerfabrik.de\/foerderband-hannover\/wp-content\/uploads\/sites\/2\/2015\/11\/IMG-0034.jpg 3936w, https:\/\/www.musikerfabrik.de\/foerderband-hannover\/wp-content\/uploads\/sites\/2\/2015\/11\/IMG-0034-300x200.jpg 300w, https:\/\/www.musikerfabrik.de\/foerderband-hannover\/wp-content\/uploads\/sites\/2\/2015\/11\/IMG-0034-768x512.jpg 768w, https:\/\/www.musikerfabrik.de\/foerderband-hannover\/wp-content\/uploads\/sites\/2\/2015\/11\/IMG-0034-1024x683.jpg 1024w, https:\/\/www.musikerfabrik.de\/foerderband-hannover\/wp-content\/uploads\/sites\/2\/2015\/11\/IMG-0034-600x400.jpg 600w, https:\/\/www.musikerfabrik.de\/foerderband-hannover\/wp-content\/uploads\/sites\/2\/2015\/11\/IMG-0034-360x240.jpg 360w\" sizes=\"(max-width: 3936px) 100vw, 3936px\" \/>\t\t\t\t\t\t\t\t\t\t\t<figcaption class=\"widget-image-caption wp-caption-text\"><\/figcaption>\n\t\t\t\t\t\t\t\t\t\t<\/figure>\n\t\t\t\t\t\t\t\t\t<\/div>\n\t\t\t\t<\/div>\n\t\t\t\t<div class=\"elementor-element elementor-element-0849630 elementor-widget elementor-widget-text-editor\" data-id=\"0849630\" data-element_type=\"widget\" data-e-type=\"widget\" data-widget_type=\"text-editor.default\">\n\t\t\t\t<div class=\"elementor-widget-container\">\n\t\t\t\t\t\t\t\t\t<h6>HIER SIND DEINE M\u00d6GLICHKEITEN, MIT UNS ZU SINGEN IN HANNOVER<\/h6>\t\t\t\t\t\t\t\t<\/div>\n\t\t\t\t<\/div>\n\t\t\t\t<div class=\"elementor-element elementor-element-b4e9946 elementor-widget elementor-widget-text-editor\" data-id=\"b4e9946\" data-element_type=\"widget\" data-e-type=\"widget\" data-widget_type=\"text-editor.default\">\n\t\t\t\t<div class=\"elementor-widget-container\">\n\t\t\t\t\t\t\t\t\t<p><span style=\"color: #ff6600;\"><a style=\"color: #ff6600;\" href=\"https:\/\/www.musikerfabrik.de\/foerderband-hannover\/singen-hannover-mit-frank-wedel-im-neuen-rockpop-chor-der-musikerfabrik-hannover\/\">PopChor Hannover <\/a><\/span><\/p><h5><span style=\"color: #ff6600;\"><a style=\"color: #ff6600;\" href=\"https:\/\/www.musikerfabrik.de\/gospelworkshop-und-popchor-projekte\/\">Workshops f\u00fcr Pop und Gospel<\/a><\/span><\/h5><h5><span style=\"color: #ff6600;\"><a style=\"color: #ff6600;\" href=\"http:\/\/www.musikerfabrik.de\/foerderband-hannover\/kontakt\">Grundurs Stimmbildung und gesundes Sprechen<\/a><\/span><\/h5><h5><span style=\"color: #ff6600;\"><a style=\"color: #ff6600;\" href=\"https:\/\/www.musikerfabrik.de\/foerderband-hannover\/musikalische-frueherziehung-hannover\/\">Eltern-Kind Musikkurse &#8222;Littlefoot&#8220; und &#8222;Bigfoot&#8220; mit viel Singen, Tanzen und Tasten<\/a><\/span><\/h5>\t\t\t\t\t\t\t\t<\/div>\n\t\t\t\t<\/div>\n\t\t\t\t<div class=\"elementor-element elementor-element-9953a92 elementor-button-info elementor-align-center elementor-widget elementor-widget-button\" data-id=\"9953a92\" data-element_type=\"widget\" data-e-type=\"widget\" data-widget_type=\"button.default\">\n\t\t\t\t<div class=\"elementor-widget-container\">\n\t\t\t\t\t\t\t\t\t<div class=\"elementor-button-wrapper\">\n\t\t\t\t\t<a class=\"elementor-button elementor-button-link elementor-size-md\" href=\"http:\/\/www.musikerfabrik.de\/foerderband-hannover\/kontakt%20\" target=\"_blank\">\n\t\t\t\t\t\t<span class=\"elementor-button-content-wrapper\">\n\t\t\t\t\t\t<span class=\"elementor-button-icon\">\n\t\t\t\t<svg aria-hidden=\"true\" class=\"e-font-icon-svg e-far-calendar-alt\" viewBox=\"0 0 448 512\" xmlns=\"http:\/\/www.w3.org\/2000\/svg\"><path d=\"M148 288h-40c-6.6 0-12-5.4-12-12v-40c0-6.6 5.4-12 12-12h40c6.6 0 12 5.4 12 12v40c0 6.6-5.4 12-12 12zm108-12v-40c0-6.6-5.4-12-12-12h-40c-6.6 0-12 5.4-12 12v40c0 6.6 5.4 12 12 12h40c6.6 0 12-5.4 12-12zm96 0v-40c0-6.6-5.4-12-12-12h-40c-6.6 0-12 5.4-12 12v40c0 6.6 5.4 12 12 12h40c6.6 0 12-5.4 12-12zm-96 96v-40c0-6.6-5.4-12-12-12h-40c-6.6 0-12 5.4-12 12v40c0 6.6 5.4 12 12 12h40c6.6 0 12-5.4 12-12zm-96 0v-40c0-6.6-5.4-12-12-12h-40c-6.6 0-12 5.4-12 12v40c0 6.6 5.4 12 12 12h40c6.6 0 12-5.4 12-12zm192 0v-40c0-6.6-5.4-12-12-12h-40c-6.6 0-12 5.4-12 12v40c0 6.6 5.4 12 12 12h40c6.6 0 12-5.4 12-12zm96-260v352c0 26.5-21.5 48-48 48H48c-26.5 0-48-21.5-48-48V112c0-26.5 21.5-48 48-48h48V12c0-6.6 5.4-12 12-12h40c6.6 0 12 5.4 12 12v52h128V12c0-6.6 5.4-12 12-12h40c6.6 0 12 5.4 12 12v52h48c26.5 0 48 21.5 48 48zm-48 346V160H48v298c0 3.3 2.7 6 6 6h340c3.3 0 6-2.7 6-6z\"><\/path><\/svg>\t\t\t<\/span>\n\t\t\t\t\t\t\t\t\t<span class=\"elementor-button-text\">Hier klicken um unverbindliche Kennenlern-Termine auszumachen<\/span>\n\t\t\t\t\t<\/span>\n\t\t\t\t\t<\/a>\n\t\t\t\t<\/div>\n\t\t\t\t\t\t\t\t<\/div>\n\t\t\t\t<\/div>\n\t\t\t\t\t<\/div>\n\t\t<\/div>\n\t\t\t\t\t<\/div>\n\t\t<\/section>\n\t\t\t\t<section class=\"elementor-section elementor-top-section elementor-element elementor-element-5d7907a elementor-section-boxed elementor-section-height-default elementor-section-height-default\" data-id=\"5d7907a\" data-element_type=\"section\" data-e-type=\"section\">\n\t\t\t\t\t\t<div class=\"elementor-container elementor-column-gap-default\">\n\t\t\t\t\t<div class=\"elementor-column elementor-col-100 elementor-top-column elementor-element elementor-element-7ead467\" data-id=\"7ead467\" data-element_type=\"column\" data-e-type=\"column\">\n\t\t\t<div class=\"elementor-widget-wrap elementor-element-populated\">\n\t\t\t\t\t\t<div class=\"elementor-element elementor-element-48a84e5 elementor-widget elementor-widget-image\" data-id=\"48a84e5\" data-element_type=\"widget\" data-e-type=\"widget\" data-widget_type=\"image.default\">\n\t\t\t\t<div class=\"elementor-widget-container\">\n\t\t\t\t\t\t\t\t\t\t\t\t\t\t\t<img decoding=\"async\" width=\"4312\" height=\"2875\" src=\"https:\/\/www.musikerfabrik.de\/foerderband-hannover\/wp-content\/uploads\/sites\/2\/2015\/11\/IMG-0036.jpg\" class=\"attachment-full size-full wp-image-1948\" alt=\"\" srcset=\"https:\/\/www.musikerfabrik.de\/foerderband-hannover\/wp-content\/uploads\/sites\/2\/2015\/11\/IMG-0036.jpg 4312w, https:\/\/www.musikerfabrik.de\/foerderband-hannover\/wp-content\/uploads\/sites\/2\/2015\/11\/IMG-0036-300x200.jpg 300w, https:\/\/www.musikerfabrik.de\/foerderband-hannover\/wp-content\/uploads\/sites\/2\/2015\/11\/IMG-0036-768x512.jpg 768w, https:\/\/www.musikerfabrik.de\/foerderband-hannover\/wp-content\/uploads\/sites\/2\/2015\/11\/IMG-0036-1024x683.jpg 1024w, https:\/\/www.musikerfabrik.de\/foerderband-hannover\/wp-content\/uploads\/sites\/2\/2015\/11\/IMG-0036-600x400.jpg 600w, https:\/\/www.musikerfabrik.de\/foerderband-hannover\/wp-content\/uploads\/sites\/2\/2015\/11\/IMG-0036-360x240.jpg 360w\" sizes=\"(max-width: 4312px) 100vw, 4312px\" \/>\t\t\t\t\t\t\t\t\t\t\t\t\t\t\t<\/div>\n\t\t\t\t<\/div>\n\t\t\t\t\t<\/div>\n\t\t<\/div>\n\t\t\t\t\t<\/div>\n\t\t<\/section>\n\t\t\t\t<section class=\"elementor-section elementor-top-section elementor-element elementor-element-c7f9400 elementor-section-boxed elementor-section-height-default elementor-section-height-default\" data-id=\"c7f9400\" data-element_type=\"section\" data-e-type=\"section\">\n\t\t\t\t\t\t<div class=\"elementor-container elementor-column-gap-default\">\n\t\t\t\t\t<div class=\"elementor-column elementor-col-100 elementor-top-column elementor-element elementor-element-675036c\" data-id=\"675036c\" data-element_type=\"column\" data-e-type=\"column\">\n\t\t\t<div class=\"elementor-widget-wrap elementor-element-populated\">\n\t\t\t\t\t\t<div class=\"elementor-element elementor-element-ccfce85 elementor-drop-cap-yes elementor-drop-cap-view-default elementor-widget elementor-widget-text-editor\" data-id=\"ccfce85\" data-element_type=\"widget\" data-e-type=\"widget\" data-settings=\"{&quot;drop_cap&quot;:&quot;yes&quot;}\" data-widget_type=\"text-editor.default\">\n\t\t\t\t<div class=\"elementor-widget-container\">\n\t\t\t\t\t\t\t\t\t<h5><span style=\"color: #ffffff;\">Singen ist eine sehr elementare aber auch pers\u00f6nliche Angelegenheit.&nbsp;<\/span><\/h5>\n<p><span style=\"color: #ffffff;\">Darum halten wir es auch recht nat\u00fcrlich&nbsp;vom Kleinkindalter ab 18 Monate bis hin zum Erwachsenenalter geht Singen immer und sch\u00fcttet nachweislich Gl\u00fcckshormone aus. Unsere gelegentlichen Highlights bringen uns mit anderen Musikern zusammen auf B\u00fchnen und Pl\u00e4tze, an die wir ohne diese Community nicht&nbsp;gekommen w\u00e4ren. Und gerade wenn du neu hier in Hannover bist oder einfach deinen Freundeskreis erweitern m\u00f6chtest, ist ein Kinderkurs oder Popchor eine ideale M\u00f6glichkeit, unkompliziert miteinander in Kontakt zu kommen.&nbsp;<\/span><\/p>\n<h5><span style=\"color: #ffffff;\">Singen in Hannover hat durchaus Tradition&nbsp;<\/span><\/h5>\n<p><span style=\"color: #ffffff;\">und geh\u00f6rt irgendwie dazu, wie&nbsp;<\/span><a href=\"https:\/\/www.haz.de\/Hannover\/Aus-der-Stadt\/Uebersicht\/Hannover-ist-fahrradfreundlichste-Stadt\" target=\"_blank\" rel=\"noopener\">Fahrradfahren<\/a><span style=\"color: #ffffff;\">. Bereits 1851 gr\u00fcndeten 17 Hannoveraner Kaufleute den ersten Gesangsverein &#8222;Frohsinn&#8220; und Hannover hat seit dem eine aussergew\u00f6hnliche Vielfalt an Chormusik entwickelt. Die&nbsp;<b>Chorstadt Hannover <\/b>&nbsp;veranstaltet u.v.a. die&nbsp;<\/span><a href=\"https:\/\/www.acappellawoche.com\/\" target=\"_blank\" rel=\"noopener\">Acapella-Woche<\/a><span style=\"color: #ffffff;\">&nbsp;und auch auf der Chorb\u00fchne der &#8222;<\/span><a href=\"https:\/\/www.hannover.de\/Kultur-Freizeit\/Freizeit-Sport\/Feste-Saisonales\/F\u00eate-de-la-Musique\" target=\"_blank\" rel=\"noopener\">Fete la musique<\/a><span style=\"color: #ffffff;\">&#8220; geben sich tolle lokale Ch\u00f6re die Klinke in die Hand. Viele ausgezeichnete Jazz- und Pop-Formationen konnten bereits auf internationalen B\u00fchnen punkten.&nbsp;<\/span><\/p>\n<h5><span style=\"color: #ffffff;\">Singen bei uns ist einladend und niederschwellig und beginnt mit dem Alter von 18 Monaten<\/span><\/h5>\n<div><span style=\"color: #ffffff;\">Es gibt in der Musikerfabrik keinen Aufnahme-Test und auch Notenkenntnisse werden nicht vorausgesetzt. Das bedeutet zwar nicht, dass wir v\u00f6llig ohne Noten singen aber du musst keinerlei Vorkenntnisse haben. Ebenso f\u00f6rdern wir ganz bewusst dass Familien mit Kindern im Kleinkindalter ab 18 Monaten spielerisch zum Singen&nbsp;angeleitet werden. F\u00fcr <a href=\"https:\/\/www.musikerfabrik.de\/foerderband-hannover\/musikalische-frueherziehung-hannover\/\">musikalische Fr\u00fcherziehung<\/a> nutzen wir unter anderem die vokalhaltige Notensprache&nbsp;<\/span><a style=\"font-family: var( --e-global-typography-text-font-family ), Sans-serif;\" href=\"https:\/\/de.wikipedia.org\/wiki\/Solf\u00e8ge\" target=\"_blank\" rel=\"noopener\">Solfege<\/a>.<\/div>\n<div><br><\/div>\t\t\t\t\t\t\t\t<\/div>\n\t\t\t\t<\/div>\n\t\t\t\t\t<\/div>\n\t\t<\/div>\n\t\t\t\t\t<\/div>\n\t\t<\/section>\n\t\t\t\t<section class=\"elementor-section elementor-top-section elementor-element elementor-element-0da2cd8 elementor-section-boxed elementor-section-height-default elementor-section-height-default\" data-id=\"0da2cd8\" data-element_type=\"section\" data-e-type=\"section\">\n\t\t\t\t\t\t<div class=\"elementor-container elementor-column-gap-default\">\n\t\t\t\t\t<div class=\"elementor-column elementor-col-100 elementor-top-column elementor-element elementor-element-03f040c\" data-id=\"03f040c\" data-element_type=\"column\" data-e-type=\"column\">\n\t\t\t<div class=\"elementor-widget-wrap elementor-element-populated\">\n\t\t\t\t\t\t<div class=\"elementor-element elementor-element-2af3a03 elementor-widget elementor-widget-image\" data-id=\"2af3a03\" data-element_type=\"widget\" data-e-type=\"widget\" data-widget_type=\"image.default\">\n\t\t\t\t<div class=\"elementor-widget-container\">\n\t\t\t\t\t\t\t\t\t\t\t\t\t\t\t<img decoding=\"async\" width=\"2560\" height=\"1656\" src=\"https:\/\/www.musikerfabrik.de\/foerderband-hannover\/wp-content\/uploads\/sites\/2\/2015\/11\/35-scaled.jpg\" class=\"attachment-full size-full wp-image-4186\" alt=\"\" srcset=\"https:\/\/www.musikerfabrik.de\/foerderband-hannover\/wp-content\/uploads\/sites\/2\/2015\/11\/35-scaled.jpg 2560w, https:\/\/www.musikerfabrik.de\/foerderband-hannover\/wp-content\/uploads\/sites\/2\/2015\/11\/35-300x194.jpg 300w, https:\/\/www.musikerfabrik.de\/foerderband-hannover\/wp-content\/uploads\/sites\/2\/2015\/11\/35-1024x662.jpg 1024w, https:\/\/www.musikerfabrik.de\/foerderband-hannover\/wp-content\/uploads\/sites\/2\/2015\/11\/35-768x497.jpg 768w, https:\/\/www.musikerfabrik.de\/foerderband-hannover\/wp-content\/uploads\/sites\/2\/2015\/11\/35-600x388.jpg 600w, https:\/\/www.musikerfabrik.de\/foerderband-hannover\/wp-content\/uploads\/sites\/2\/2015\/11\/35-1536x994.jpg 1536w, https:\/\/www.musikerfabrik.de\/foerderband-hannover\/wp-content\/uploads\/sites\/2\/2015\/11\/35-2048x1325.jpg 2048w\" sizes=\"(max-width: 2560px) 100vw, 2560px\" \/>\t\t\t\t\t\t\t\t\t\t\t\t\t\t\t<\/div>\n\t\t\t\t<\/div>\n\t\t\t\t\t<\/div>\n\t\t<\/div>\n\t\t\t\t\t<\/div>\n\t\t<\/section>\n\t\t\t\t<\/div>\n\t\t","protected":false},"excerpt":{"rendered":"<p>Bei uns kannst du einfach singen! HIER SIND DEINE M\u00d6GLICHKEITEN, MIT UNS ZU SINGEN IN HANNOVER PopChor Hannover Workshops f\u00fcr Pop und Gospel Grundurs Stimmbildung und gesundes Sprechen Eltern-Kind Musikkurse &#8222;Littlefoot&#8220; und &#8222;Bigfoot&#8220; mit viel Singen, Tanzen und Tasten Hier klicken um unverbindliche Kennenlern-Termine auszumachen Singen ist eine sehr elementare aber auch pers\u00f6nliche Angelegenheit.&nbsp; Darum [&hellip;]<\/p>\n","protected":false},"author":2,"featured_media":2816,"parent":0,"menu_order":0,"comment_status":"closed","ping_status":"closed","template":"elementor_header_footer","meta":{"_acf_changed":false,"content-type":"","footnotes":""},"class_list":["post-2880","page","type-page","status-publish","has-post-thumbnail","hentry"],"acf":[],"jetpack_shortlink":"https:\/\/wp.me\/P51hCu-Ks","jetpack_sharing_enabled":true,"jetpack_likes_enabled":true,"_links":{"self":[{"href":"https:\/\/www.musikerfabrik.de\/foerderband-hannover\/wp-json\/wp\/v2\/pages\/2880","targetHints":{"allow":["GET"]}}],"collection":[{"href":"https:\/\/www.musikerfabrik.de\/foerderband-hannover\/wp-json\/wp\/v2\/pages"}],"about":[{"href":"https:\/\/www.musikerfabrik.de\/foerderband-hannover\/wp-json\/wp\/v2\/types\/page"}],"author":[{"embeddable":true,"href":"https:\/\/www.musikerfabrik.de\/foerderband-hannover\/wp-json\/wp\/v2\/users\/2"}],"replies":[{"embeddable":true,"href":"https:\/\/www.musikerfabrik.de\/foerderband-hannover\/wp-json\/wp\/v2\/comments?post=2880"}],"version-history":[{"count":153,"href":"https:\/\/www.musikerfabrik.de\/foerderband-hannover\/wp-json\/wp\/v2\/pages\/2880\/revisions"}],"predecessor-version":[{"id":5560,"href":"https:\/\/www.musikerfabrik.de\/foerderband-hannover\/wp-json\/wp\/v2\/pages\/2880\/revisions\/5560"}],"wp:featuredmedia":[{"embeddable":true,"href":"https:\/\/www.musikerfabrik.de\/foerderband-hannover\/wp-json\/wp\/v2\/media\/2816"}],"wp:attachment":[{"href":"https:\/\/www.musikerfabrik.de\/foerderband-hannover\/wp-json\/wp\/v2\/media?parent=2880"}],"curies":[{"name":"wp","href":"https:\/\/api.w.org\/{rel}","templated":true}]}}